{"id":1009,"date":"2023-05-25T10:27:23","date_gmt":"2023-05-25T10:27:23","guid":{"rendered":"http:\/\/wiselama.org.w0125739.kasserver.com\/what-we-do\/"},"modified":"2024-12-20T10:11:10","modified_gmt":"2024-12-20T10:11:10","slug":"lo-que-hacemos","status":"publish","type":"page","link":"https:\/\/wiselama.org\/es\/lo-que-hacemos\/","title":{"rendered":"Lo que Hacemos"},"content":{"rendered":"<div class=\"wpb-content-wrapper\"><p>[vc_row][vc_column][vc_column_text css=\u00bb\u00bb el_class=\u00bbnaranja\u00bb]<\/p>\n<h2 style=\"text-align: center;\">Lo que Hacemos<\/h2>\n<p>[\/vc_column_text][vc_column_text css=\u00bb\u00bb el_class=\u00bbparrafowhat\u00bb]<\/p>\n<h4 style=\"text-align: left;\">Ofrecemos programas innovadores para fomentar el bienestar y la resiliencia en cada faceta de la vida. Ya sea en el \u00e1mbito educativo, profesional o comunitario, brindamos estrategias pr\u00e1cticas para enriquecer y fortalecer tu entorno. Nuestros enfoques clave incluyen:<\/h4>\n<p>[\/vc_column_text][vc_empty_space height=\u00bb30px\u00bb][\/vc_column][\/vc_row][vc_row][vc_column width=\u00bb1\/3&#8243;][vc_column_text css=\u00bb\u00bb el_class=\u00bbparrafowhat\u00bb]<\/p>\n<h4 style=\"text-align: center;\"><span style=\"color: #d2896d;\">Desarrollar una mayor conciencia personal y habilidades de atenci\u00f3n.<\/span><\/h4>\n<p>[\/vc_column_text][\/vc_column][vc_column width=\u00bb1\/3&#8243;][vc_column_text css=\u00bb\u00bb el_class=\u00bbparrafowhat\u00bb]<\/p>\n<h4 style=\"text-align: center;\"><span style=\"color: #d2896d;\">Mitigar el estr\u00e9s, la ansiedad y la reactividad emocional.<\/span><\/h4>\n<p>[\/vc_column_text][\/vc_column][vc_column width=\u00bb1\/3&#8243;][vc_column_text css=\u00bb\u00bb el_class=\u00bbparrafowhat\u00bb]<\/p>\n<h4 style=\"text-align: center;\"><span style=\"color: #d2896d;\">Fortalecer la responsabilidad personal y mejorar la calidad de las interacciones con los dem\u00e1s<\/span><\/h4>\n<p>[\/vc_column_text][\/vc_column][\/vc_row][vc_row][vc_column][vc_empty_space height=\u00bb30px\u00bb][vc_column_text css=\u00bb\u00bb el_class=\u00bbparrafowhat\u00bb]<\/p>\n<h4 style=\"text-align: left;\">Nuestros programas transforman a los participantes en l\u00edderes resilientes y emp\u00e1ticos, equip\u00e1ndolos con herramientas pr\u00e1cticas para enfrentar y resolver desaf\u00edos. Al fortalecer sus habilidades interpersonales, logran implementar cambios profundos y sostenibles que elevan el bienestar de sus comunidades y fomentan un progreso colectivo.<\/h4>\n<p>[\/vc_column_text][vc_empty_space height=\u00bb30px\u00bb][\/vc_column][\/vc_row][vc_row el_class=\u00bbelmarcowhat\u00bb][vc_column][vc_column_text css=\u00bb.vc_custom_1724242793858{margin-bottom: 25px !important;}\u00bb]<\/p>\n<h2 style=\"text-align: center;\">\u00a0Nuestra Meta<\/h2>\n<p>[\/vc_column_text][vc_single_image image=\u00bb2288&#8243; img_size=\u00bbfull\u00bb alignment=\u00bbcenter\u00bb css=\u00bb\u00bb el_class=\u00bblamawhat\u00bb][vc_column_text css=\u00bb\u00bb el_class=\u00bbparrafowhatcuadro\u00bb]<\/p>\n<h5>Nuestra Meta es impulsar a las personas a descubrir y desarrollar su capacidad inherente para influir de manera significativa en el mundo. Ofrecemos herramientas y conocimientos clave para facilitar un desarrollo personal y profesional efectivo. Imaginamos un futuro donde cada individuo se convierta en un l\u00edder compasivo, impulsando cambios positivos y sostenibles en su entorno y en la sociedad.<\/h5>\n<p>[\/vc_column_text][\/vc_column][\/vc_row][vc_row el_id=\u00bbour-offer\u00bb][vc_column][vc_empty_space height=\u00bb75px\u00bb][\/vc_column][\/vc_row][vc_row el_class=\u00bbelmarcowhatdos\u00bb][vc_column][vc_column_text css=\u00bb.vc_custom_1722607999429{margin-bottom: 25px !important;}\u00bb]<\/p>\n<h2 style=\"text-align: center;\">Nuestra Especialidad<\/h2>\n<p>[\/vc_column_text][vc_single_image image=\u00bb2322&#8243; img_size=\u00bbfull\u00bb alignment=\u00bbcenter\u00bb css=\u00bb\u00bb el_class=\u00bblamawhat\u00bb][vc_column_text css=\u00bb\u00bb el_class=\u00bbparrafowhatcuadro\u00bb]<\/p>\n<h3 style=\"text-align: center;\">Nos especializamos en las siguientes \u00e1reas:<\/h3>\n<p>&nbsp;<\/p>\n<h4><span style=\"color: #d38a6e;\">Entrenamiento Integral de la Mente y el Coraz\u00f3n<\/span><\/h4>\n<h5>\u00a0Nuestros programas combinan metodolog\u00edas respaldadas por la ciencia para fomentar una vida con prop\u00f3sito, enriquecedora y significativa. Integramos entrenamiento en compasi\u00f3n, neurociencia aplicada y mindfulness para fortalecer el bienestar mental y emocional. Ofrecemos herramientas avanzadas que permiten abordar desaf\u00edos con mayor habilidad, serenidad y claridad.<\/h5>\n<h5><\/h5>\n<p>&nbsp;<\/p>\n<h4><span style=\"color: #d38a6e;\"><strong>Cambio y Transformaci\u00f3n Sostenible<\/strong><\/span><\/h4>\n<h5>Estamos comprometidos con generar un impacto positivo y duradero. Nuestros programas brindan a las personas las habilidades y la motivaci\u00f3n necesarias para impulsar un cambio aut\u00e9ntico y sostenible en sus comunidades y organizaciones.<\/h5>\n<h5><\/h5>\n<p>&nbsp;<\/p>\n<h4><span style=\"color: #d38a6e;\"><strong>Liderazgo Compasivo<\/strong><\/span><\/h4>\n<h5>Dise\u00f1ados para l\u00edderes en diversos \u00e1mbitos, nuestros programas promueven la adopci\u00f3n de la compasi\u00f3n como fuerza gu\u00eda. Ofrecemos una inmersi\u00f3n profunda en el liderazgo basado en empat\u00eda e integridad, proporcionando estrategias efectivas para generar impactos positivos en diversos contextos.<\/h5>\n<h5><\/h5>\n<p>&nbsp;<\/p>\n<h4><span style=\"color: #d38a6e;\"><strong>Resiliencia Personal<\/strong><\/span><\/h4>\n<h5>En un mundo en constante cambio, la resiliencia es crucial. Nuestros programas fortalecen esta habilidad esencial, ayudando a las personas a superar obst\u00e1culos, adaptarse a nuevos desaf\u00edos y mantener su bienestar en tiempos dif\u00edciles.<\/h5>\n<h5><\/h5>\n<p>&nbsp;<\/p>\n<h4><span style=\"color: #d38a6e;\"><strong>Estabilidad Emocional y Mental:<\/strong><\/span><\/h4>\n<h5>Enfatizamos la importancia de un equilibrio interior s\u00f3lido. Nuestros programas ofrecen m\u00e9todos efectivos para gestionar el estr\u00e9s, reducir la reactividad, mejorar la atenci\u00f3n y promover un estado duradero de calma y bienestar.<\/h5>\n<h5><\/h5>\n<p>&nbsp;<\/p>\n<h4><span style=\"color: #d38a6e;\"><strong>Aprendizaje Socioemocional y \u00c9tico:<\/strong><\/span><\/h4>\n<h5>Nos enfocamos en el desarrollo de la inteligencia emocional y la toma de decisiones \u00e9ticas. Los participantes obtienen una comprensi\u00f3n m\u00e1s profunda de sus emociones y aprenden a tomar decisiones alineadas con principios de bondad e integridad.<\/h5>\n<h5><\/h5>\n<p>&nbsp;<\/p>\n<h4><span style=\"color: #d38a6e;\"><strong>Pensamiento Cr\u00edtico:<\/strong><\/span><\/h4>\n<h5>Fomentamos habilidades de pensamiento cr\u00edtico esenciales para enfrentar las complejidades del mundo moderno. Nuestros programas capacitan a los individuos para analizar, cuestionar y resolver problemas de manera efectiva.<\/h5>\n<h5><\/h5>\n<p>&nbsp;<\/p>\n<h4><span style=\"color: #d38a6e;\"><strong>IDGs para impacto global<\/strong><\/span><\/h4>\n<h5>Nuestros programas integran el marco de los Objetivos de Desarrollo Interior (IDGs) para avanzar hacia los Objetivos de Desarrollo Sostenible (ODS). Al aplicar estos principios, promovemos el crecimiento en habilidades interpersonales y fomentamos un impacto global duradero y significativo.<\/h5>\n<p>[\/vc_column_text][\/vc_column][\/vc_row][vc_row el_id=\u00bbsdgs-and-dgs\u00bb][vc_column][vc_empty_space height=\u00bb75px\u00bb][\/vc_column][\/vc_row][vc_row el_class=\u00bbelmarcowhattres\u00bb el_id=\u00bbour-focus\u00bb][vc_column][vc_column_text css=\u00bb.vc_custom_1724430780994{margin-bottom: 25px !important;}\u00bb]<\/p>\n<h2 style=\"text-align: center;\">Nuestro Enfoque<\/h2>\n<p>[\/vc_column_text][vc_single_image image=\u00bb2327&#8243; img_size=\u00bbfull\u00bb alignment=\u00bbcenter\u00bb css=\u00bb\u00bb el_class=\u00bblamawhat\u00bb][vc_column_text css=\u00bb\u00bb el_class=\u00bbparrafowhatcuadro\u00bb]<\/p>\n<h5>Respaldados por nuestra experiencia y conocimiento, nos especializamos en implementar y adaptar a medida programas dise\u00f1ados para fomentar el bienestar y fortalecer el desarrollo interior en diversos contextos. Aplicamos m\u00e9todos innovadores y perspectivas expertas para mejorar la calidad de vida de los participantes y maximizar el impacto en sus organizaciones y comunidades.<\/h5>\n<p>&nbsp;<\/p>\n<h5>Conoce m\u00e1s sobre nuestro equipo <a href=\"https:\/\/wiselama.org\/es\/sobre-nosotros\/#!\/our-team\"><span style=\"color: #d2896d;\">Aqu\u00ed<\/span><\/a><\/h5>\n<h5><\/h5>\n<p>&nbsp;<\/p>\n<h5>y explora nuestros programas <a href=\"https:\/\/wiselama.org\/es\/nuestros-programas\/\"><span style=\"color: #d2896d;\">Aqu\u00ed<\/span><\/a><\/h5>\n<p>[\/vc_column_text][\/vc_column][\/vc_row][vc_row][vc_column][vc_empty_space height=\u00bb75px\u00bb][\/vc_column][\/vc_row][vc_row][vc_column][vc_column_text css=\u00bb\u00bb el_class=\u00bbnaranja\u00bb]<\/p>\n<h4 style=\"text-align: center;\"><a href=\"https:\/\/wiselama.org\/es\/#contact\"><strong>\u00bfInteresado en trabajar con nosotros?<\/strong><\/a><\/h4>\n<p>[\/vc_column_text][\/vc_column][\/vc_row][vc_row full_width=\u00bbstretch_row\u00bb css=\u00bb.vc_custom_1685016286154{padding-top: 35px !important;}\u00bb el_class=\u00bblasthome\u00bb][vc_column][vc_separator color=\u00bbcustom\u00bb accent_color=\u00bb#d38a6e\u00bb][vc_row_inner el_class=\u00bbpasocial\u00bb][vc_column_inner][vc_single_image image=\u00bb44&#8243; img_size=\u00bbfull\u00bb alignment=\u00bbcenter\u00bb onclick=\u00bbcustom_link\u00bb img_link_target=\u00bb_blank\u00bb image_hovers=\u00bbfalse\u00bb el_class=\u00bbiconssocial\u00bb link=\u00bbhttps:\/\/www.facebook.com\/WiselamaCommunity\/\u00bb][vc_single_image image=\u00bb47&#8243; img_size=\u00bbfull\u00bb alignment=\u00bbcenter\u00bb onclick=\u00bbcustom_link\u00bb img_link_target=\u00bb_blank\u00bb image_hovers=\u00bbfalse\u00bb el_class=\u00bbiconssocial\u00bb link=\u00bbhttps:\/\/www.instagram.com\/wiselama_community\/\u00bb][vc_single_image image=\u00bb48&#8243; img_size=\u00bbfull\u00bb alignment=\u00bbcenter\u00bb onclick=\u00bbcustom_link\u00bb img_link_target=\u00bb_blank\u00bb image_hovers=\u00bbfalse\u00bb el_class=\u00bbiconssocial\u00bb link=\u00bbhttps:\/\/www.linkedin.com\/company\/wiselama\/?originalSubdomain=de\u00bb][vc_single_image image=\u00bb1489&#8243; img_size=\u00bbfull\u00bb alignment=\u00bbcenter\u00bb onclick=\u00bbcustom_link\u00bb img_link_target=\u00bb_blank\u00bb css=\u00bb\u00bb image_hovers=\u00bbfalse\u00bb el_class=\u00bbiconssocial ytube \u00bb link=\u00bbhttps:\/\/www.youtube.com\/@wiselama2818&#8243;][\/vc_column_inner][\/vc_row_inner][vc_empty_space height=\u00bb75px\u00bb][\/vc_column][\/vc_row]<\/p>\n<\/div>","protected":false},"excerpt":{"rendered":"<p>[vc_row][vc_column][vc_column_text css=\u00bb\u00bb el_class=\u00bbnaranja\u00bb] Lo que Hacemos [\/vc_column_text][vc_column_text css=\u00bb\u00bb el_class=\u00bbparrafowhat\u00bb] Ofrecemos programas innovadores para fomentar el bienestar y la resiliencia en cada faceta de la vida. Ya sea en el \u00e1mbito educativo, profesional o comunitario, brindamos estrategias pr\u00e1cticas para enriquecer y fortalecer tu entorno. Nuestros enfoques clave incluyen: [\/vc_column_text][vc_empty_space height=\u00bb30px\u00bb][\/vc_column][\/vc_row][vc_row][vc_column width=\u00bb1\/3&#8243;][vc_column_text css=\u00bb\u00bb el_class=\u00bbparrafowhat\u00bb] Desarrollar una mayor&hellip;<\/p>\n","protected":false},"author":1,"featured_media":0,"parent":0,"menu_order":0,"comment_status":"closed","ping_status":"closed","template":"template-microsite.php","meta":{"_acf_changed":false,"inline_featured_image":false,"footnotes":""},"class_list":["post-1009","page","type-page","status-publish","hentry","description-off"],"acf":[],"_links":{"self":[{"href":"https:\/\/wiselama.org\/es\/wp-json\/wp\/v2\/pages\/1009","targetHints":{"allow":["GET"]}}],"collection":[{"href":"https:\/\/wiselama.org\/es\/wp-json\/wp\/v2\/pages"}],"about":[{"href":"https:\/\/wiselama.org\/es\/wp-json\/wp\/v2\/types\/page"}],"author":[{"embeddable":true,"href":"https:\/\/wiselama.org\/es\/wp-json\/wp\/v2\/users\/1"}],"replies":[{"embeddable":true,"href":"https:\/\/wiselama.org\/es\/wp-json\/wp\/v2\/comments?post=1009"}],"version-history":[{"count":79,"href":"https:\/\/wiselama.org\/es\/wp-json\/wp\/v2\/pages\/1009\/revisions"}],"predecessor-version":[{"id":2506,"href":"https:\/\/wiselama.org\/es\/wp-json\/wp\/v2\/pages\/1009\/revisions\/2506"}],"wp:attachment":[{"href":"https:\/\/wiselama.org\/es\/wp-json\/wp\/v2\/media?parent=1009"}],"curies":[{"name":"wp","href":"https:\/\/api.w.org\/{rel}","templated":true}]}}