{"id":1011,"date":"2023-05-25T10:28:00","date_gmt":"2023-05-25T10:28:00","guid":{"rendered":"http:\/\/wiselama.org.w0125739.kasserver.com\/about-us\/"},"modified":"2024-12-20T08:37:24","modified_gmt":"2024-12-20T08:37:24","slug":"sobre-nosotros","status":"publish","type":"page","link":"https:\/\/wiselama.org\/es\/sobre-nosotros\/","title":{"rendered":"Sobre nosotros"},"content":{"rendered":"<div class=\"wpb-content-wrapper\"><p>[vc_row el_id=\u00bbabout-us\u00bb][vc_column][vc_column_text css=\u00bb\u00bb el_class=\u00bbnaranja\u00bb]<\/p>\n<h2 style=\"text-align: center;\">Sobre nosotros<\/h2>\n<p>[\/vc_column_text][vc_column_text css=\u00bb\u00bb el_class=\u00bbparrafowhat\u00bb]<\/p>\n<h4 style=\"text-align: center;\">En Wise Lama, nos dedicamos a promover el desarrollo integral de la mente y el coraz\u00f3n en diversos contextos, desde escuelas e instituciones gubernamentales hasta empresas y comunidades. Trabajamos en colaboraci\u00f3n con cada uno de nuestros clientes para fomentar la reflexi\u00f3n profunda y la pr\u00e1ctica de valores esenciales, siempre en armon\u00eda con sus principios y necesidades \u00fanicas.<\/h4>\n<p>[\/vc_column_text][vc_column_text css=\u00bb\u00bb el_class=\u00bbparrafowhat\u00bb]<\/p>\n<h5 style=\"text-align: left;\">Buscamos elevar la conciencia colectiva e integrar estos valores de manera natural en la vida cotidiana. Al hacerlo, enriquecemos las relaciones interpersonales y el tejido social, generando un impacto significativo y duradero desde el coraz\u00f3n de cada comunidad hacia el mundo.<\/h5>\n<h5 style=\"text-align: left;\">Nos encantar\u00eda conversar contigo sobre c\u00f3mo podemos colaborar para lograr estos objetivos. Te invitamos a ponerte en contacto con nosotros para explorar nuestros programas y descubrir c\u00f3mo podemos trabajar juntos para hacer una diferencia real.<\/h5>\n<p>[\/vc_column_text][\/vc_column][\/vc_row][vc_row][vc_column][vc_column_text css=\u00bb\u00bb]<\/p>\n<h4 style=\"text-align: center;\">Wise Lama apoya a las comunidades:<\/h4>\n<p>[\/vc_column_text][\/vc_column][\/vc_row][vc_row el_class=\u00bbfilacuadros\u00bb][vc_column width=\u00bb1\/2&#8243;][vc_row_inner el_class=\u00bbcuadrounoabout\u00bb][vc_column_inner][vc_column_text css=\u00bb\u00bb el_class=\u00bbcrema\u00bb]<\/p>\n<h2 style=\"text-align: center;\">Capacitando<\/h2>\n<p>[\/vc_column_text][vc_column_text css=\u00bb\u00bb]<\/p>\n<h4>Capacitamos la Comunidad Educativa en la ense\u00f1anza y promoci\u00f3n de valores fundamentales, facilitando que ni\u00f1os y adolescentes comprendan, experimenten y vivan seg\u00fan estos principios esenciales.<\/h4>\n<p>[\/vc_column_text][\/vc_column_inner][\/vc_row_inner][\/vc_column][vc_column width=\u00bb1\/2&#8243;][vc_row_inner el_class=\u00bbcuadrounoaboutdos\u00bb][vc_column_inner][vc_column_text css=\u00bb\u00bb el_class=\u00bbcrema\u00bb]<\/p>\n<h2 style=\"text-align: center;\">Fomentando<\/h2>\n<p>[\/vc_column_text][vc_column_text css=\u00bb\u00bb]<\/p>\n<h4>Fomentamos en adultos una cultura de apertura, compasi\u00f3n y entendimiento mutuo, promoviendo un entorno inclusivo que derribe barreras sociales y fomente la cohesi\u00f3n comunitaria.<\/h4>\n<p>[\/vc_column_text][\/vc_column_inner][\/vc_row_inner][\/vc_column][\/vc_row][vc_row el_class=\u00bbfilacuadros\u00bb][vc_column width=\u00bb1\/2&#8243;][vc_row_inner el_class=\u00bbcuadrounoabouttres\u00bb][vc_column_inner][vc_column_text css=\u00bb\u00bb el_class=\u00bbcrema\u00bb]<\/p>\n<h2 style=\"text-align: center;\">Facilitando<\/h2>\n<p>[\/vc_column_text][vc_column_text css=\u00bb\u00bb]<\/p>\n<h4>Facilitamos la transformaci\u00f3n de comportamientos y actitudes que pueden limitar la aceptaci\u00f3n mutua, proporcionando herramientas pr\u00e1cticas que capacitan a los participantes para contribuir en la construcci\u00f3n de un futuro pac\u00edfico y sostenible.<\/h4>\n<p>[\/vc_column_text][\/vc_column_inner][\/vc_row_inner][\/vc_column][vc_column width=\u00bb1\/2&#8243;][vc_row_inner el_class=\u00bbcuadrounoaboutcuatro\u00bb][vc_column_inner][vc_column_text css=\u00bb\u00bb el_class=\u00bbcrema\u00bb]<\/p>\n<h2 style=\"text-align: center;\">Creando<\/h2>\n<p>[\/vc_column_text][vc_column_text css=\u00bb\u00bb]<\/p>\n<h4>Creamos entornos seguros y brindamos oportunidades para que las personas se expresen libremente y expandan su creatividad, ayud\u00e1ndolas a imaginar soluciones innovadoras y a dar pasos concretos hacia un mundo m\u00e1s justo y pac\u00edfico para todos.<\/h4>\n<p>[\/vc_column_text][\/vc_column_inner][\/vc_row_inner][\/vc_column][\/vc_row][vc_row el_class=\u00bbelmarcoabout\u00bb el_id=\u00bbour-mission\u00bb][vc_column][vc_column_text css=\u00bb.vc_custom_1722282390469{margin-bottom: 25px !important;}\u00bb]<\/p>\n<h2 style=\"text-align: center;\">Nuestra Misi\u00f3n<\/h2>\n<p>[\/vc_column_text][vc_single_image image=\u00bb151&#8243; img_size=\u00bbfull\u00bb alignment=\u00bbcenter\u00bb el_class=\u00bblamawhat\u00bb][vc_column_text css=\u00bb\u00bb el_class=\u00bbparrafowhatcuadro\u00bb]<\/p>\n<h5>En Wise Lama, nuestra misi\u00f3n es cultivar la compasi\u00f3n y fortalecer la resiliencia en cada individuo, grupo y comunidad con los que colaboramos. Capacitando a personas y organizaciones para alcanzar un bienestar integral, promovemos el florecimiento humano en todas sus dimensiones. Esta misi\u00f3n orienta nuestros esfuerzos hacia la creaci\u00f3n de un mundo donde la sostenibilidad, la salud integral y la \u00e9tica se conviertan en pilares fundamentales y realidades tangibles.<\/h5>\n<p>[\/vc_column_text][\/vc_column][\/vc_row][vc_row el_id=\u00bbour-vision\u00bb][vc_column][vc_empty_space height=\u00bb75px\u00bb][\/vc_column][\/vc_row][vc_row el_class=\u00bbelmarcoabout\u00bb][vc_column][vc_column_text css=\u00bb.vc_custom_1722282984245{margin-bottom: 25px !important;}\u00bb]<\/p>\n<h2 style=\"text-align: center;\">Nuestra Visi\u00f3n<\/h2>\n<p>[\/vc_column_text][vc_single_image image=\u00bb152&#8243; img_size=\u00bbfull\u00bb alignment=\u00bbcenter\u00bb el_class=\u00bblamawhat\u00bb][vc_column_text css=\u00bb\u00bb el_class=\u00bbparrafowhatcuadro\u00bb]<\/p>\n<h5>Nuestra visi\u00f3n es un mundo en el que la paz interior y el bienestar sean accesibles para todos. A trav\u00e9s de t\u00e9cnicas de entrenamiento mental y experiencias transformadoras, aspiramos a cultivar un liderazgo equilibrado, relaciones armoniosas y comunidades pac\u00edficas. Queremos inspirar a cada persona a vivir con compasi\u00f3n, resiliencia y sabidur\u00eda, impulsando as\u00ed un cambio positivo a nivel local y global. Facilitamos que los individuos vean los desaf\u00edos como oportunidades de crecimiento personal, permiti\u00e9ndoles alcanzar su m\u00e1ximo potencial y convertirse en agentes activos de paz en sus comunidades.<\/h5>\n<p>[\/vc_column_text][\/vc_column][\/vc_row][vc_row el_id=\u00bbour-values\u00bb][vc_column][vc_empty_space height=\u00bb75px\u00bb][\/vc_column][\/vc_row][vc_row el_class=\u00bbelmarcoabout\u00bb][vc_column][vc_column_text css=\u00bb.vc_custom_1722283021869{margin-bottom: 25px !important;}\u00bb]<\/p>\n<h2 style=\"text-align: center;\">Nuestros Valores<\/h2>\n<p>[\/vc_column_text][vc_single_image image=\u00bb154&#8243; img_size=\u00bbfull\u00bb alignment=\u00bbcenter\u00bb el_class=\u00bblamawhat\u00bb][vc_column_text css=\u00bb.vc_custom_1722282687531{margin-bottom: 15px !important;}\u00bb el_class=\u00bbparrafowhatcuadro naranja\u00bb]<\/p>\n<h4 style=\"text-align: center;\">Los valores que nos guian:<\/h4>\n<p>[\/vc_column_text][vc_column_text css=\u00bb\u00bb el_class=\u00bbparrafowhatcuadro\u00bb]<\/p>\n<h5>Nuestros valores fundamentan nuestra motivaci\u00f3n, nuestras interacciones y nuestro impacto, reflejando nuestro compromiso con la creaci\u00f3n de experiencias significativas y enriquecedoras para las personas y comunidades con las que trabajamos.<\/h5>\n<p>[\/vc_column_text][vc_row_inner el_class=\u00bbcudrosnuevos\u00bb][vc_column_inner el_class=\u00bbcuadronuevouno\u00bb width=\u00bb1\/2&#8243;][vc_column_text css=\u00bb\u00bb el_class=\u00bbcrema\u00bb]<\/p>\n<h2 style=\"text-align: center;\"><b>Integridad<\/b><\/h2>\n<p>[\/vc_column_text][vc_column_text css=\u00bb\u00bb]<\/p>\n<h5>Mantenemos un firme compromiso con la honestidad, la transparencia y la \u00e9tica. Nuestras acciones se basan en principios de integridad, promoviendo la confianza y la credibilidad en nuestras relaciones.<\/h5>\n<p>[\/vc_column_text][\/vc_column_inner][vc_column_inner el_class=\u00bbcuadronuevodos\u00bb width=\u00bb1\/2&#8243;][vc_column_text css=\u00bb\u00bb el_class=\u00bbcrema\u00bb]<\/p>\n<h2 style=\"text-align: center;\"><strong>Diversidad<\/strong><\/h2>\n<p>[\/vc_column_text][vc_column_text css=\u00bb\u00bb]<\/p>\n<h5>Valoramos la diversidad, apreciando la riqueza que cada perspectiva aporta. Creemos que incluir diferentes experiencias e ideas enriquece nuestro trabajo y fortalece nuestra capacidad para innovar y colaborar de manera m\u00e1s efectiva.<\/h5>\n<p>[\/vc_column_text][\/vc_column_inner][\/vc_row_inner][vc_row_inner el_class=\u00bbcudrosnuevos\u00bb][vc_column_inner el_class=\u00bbcuadronuevotres\u00bb width=\u00bb1\/2&#8243;][vc_column_text css=\u00bb\u00bb el_class=\u00bbcrema\u00bb]<\/p>\n<h2 style=\"text-align: center;\"><strong>Transformaci\u00f3n<\/strong><\/h2>\n<p>[\/vc_column_text][vc_column_text css=\u00bb\u00bb]<\/p>\n<h5>En nuestro compromiso con el bienestar, promovemos un cambio genuino y profundo. Impulsamos el desarrollo integral de individuos y comunidades, enfoc\u00e1ndonos en potenciar sus habilidades y capacidades para generar un impacto significativo y duradero.<\/h5>\n<p>[\/vc_column_text][\/vc_column_inner][vc_column_inner el_class=\u00bbcuadronuevocuatro\u00bb width=\u00bb1\/2&#8243;][vc_column_text css=\u00bb\u00bb el_class=\u00bbcrema\u00bb]<\/p>\n<h2 style=\"text-align: center;\"><strong>Prop\u00f3sito<\/strong><\/h2>\n<p>[\/vc_column_text][vc_column_text css=\u00bb\u00bb]<\/p>\n<h5>Creemos en la importancia de alinear nuestros valores personales con un prop\u00f3sito aut\u00e9ntico, pues es este prop\u00f3sito el que enciende nuestra motivaci\u00f3n y da sentido a nuestras acciones. Fomentamos una conexi\u00f3n profunda con lo que verdaderamente nos inspira, entendiendo que vivir con un prop\u00f3sito claro no solo orienta nuestras decisiones, sino que tambi\u00e9n infunde significado y direcci\u00f3n en cada aspecto de nuestra vida.<\/h5>\n<p>[\/vc_column_text][\/vc_column_inner][\/vc_row_inner][vc_row_inner el_class=\u00bbcudrosnuevos\u00bb][vc_column_inner el_class=\u00bbcuadronuevouno\u00bb width=\u00bb1\/2&#8243;][vc_column_text css=\u00bb\u00bb el_class=\u00bbcrema\u00bb]<\/p>\n<h2 style=\"text-align: center;\"><strong>Compasi\u00f3n<\/strong><\/h2>\n<p>[\/vc_column_text][vc_column_text css=\u00bb\u00bb]<\/p>\n<h5>\u00a0La compasi\u00f3n es el n\u00facleo de nuestros valores y esencial para lograr un equilibrio saludable en nuestras comunidades. Creemos que la empat\u00eda y la comprensi\u00f3n son fundamentales para el progreso y la cohesi\u00f3n de la sociedad. Por ello, integramos estos principios en cada acci\u00f3n y decisi\u00f3n, promoviendo un entorno donde todos puedan prosperar y contribuir positivamente.<\/h5>\n<p>[\/vc_column_text][\/vc_column_inner][vc_column_inner el_class=\u00bbcuadronuevodos\u00bb width=\u00bb1\/2&#8243;][vc_column_text css=\u00bb\u00bb el_class=\u00bbcrema\u00bb]<\/p>\n<h2 style=\"text-align: center;\"><strong>Resiliencia<\/strong><\/h2>\n<p>[\/vc_column_text][vc_column_text css=\u00bb\u00bb]<\/p>\n<h5>Fomentamos la fortaleza interior y la capacidad de adaptaci\u00f3n, capacitando a las personas para enfrentar adversidades con valent\u00eda y determinaci\u00f3n. Creemos que la resiliencia no solo permite superar obst\u00e1culos, sino que tambi\u00e9n fortalece el car\u00e1cter y enriquece la capacidad de afrontar el cambio de manera constructiva.<\/h5>\n<p>[\/vc_column_text][\/vc_column_inner][\/vc_row_inner][vc_row_inner el_class=\u00bbcudrosnuevos\u00bb][vc_column_inner el_class=\u00bbcuadronuevotres\u00bb width=\u00bb1\/2&#8243;][vc_column_text css=\u00bb\u00bb el_class=\u00bbcrema\u00bb]<\/p>\n<h2 style=\"text-align: center;\"><strong>Curiosidad<\/strong><\/h2>\n<p>[\/vc_column_text][vc_column_text css=\u00bb\u00bb el_class=\u00bbparrafowhatcuadro\u00bb]<\/p>\n<h5>Valoramos el aprendizaje continuo y nos mueve una verdadera pasi\u00f3n por la exploraci\u00f3n, manteniendo siempre una mentalidad abierta. Este enfoque nos permite descubrir nuevas perspectivas, fomentar la innovaci\u00f3n y profundizar en la comprensi\u00f3n de las complejidades del mundo. Nuestros programas est\u00e1n dise\u00f1ados para expandir la curiosidad y la imaginaci\u00f3n de los participantes, inspirando pensamiento creativo y abriendo puertas a nuevas posibilidades<\/h5>\n<p>[\/vc_column_text][\/vc_column_inner][vc_column_inner width=\u00bb1\/2&#8243;][\/vc_column_inner][\/vc_row_inner][vc_column_text css=\u00bb\u00bb el_class=\u00bbparrafowhatcuadro\u00bb]<\/p>\n<h5 style=\"text-align: center;\">Estos valores nos gu\u00edan en nuestra misi\u00f3n de construir un mundo donde la paz interior, el liderazgo compasivo y el cambio constructivo sean accesibles para todos.<\/h5>\n<p>[\/vc_column_text][\/vc_column][\/vc_row][vc_row el_id=\u00bbour-philosophy\u00bb][vc_column][vc_empty_space height=\u00bb75px\u00bb][\/vc_column][\/vc_row][vc_row el_class=\u00bbelmarcoabout\u00bb][vc_column][vc_column_text css=\u00bb.vc_custom_1723048546389{margin-bottom: 25px !important;}\u00bb]<\/p>\n<h2 style=\"text-align: center;\">Nuestra Filosof\u00eda<\/h2>\n<p>[\/vc_column_text][vc_single_image image=\u00bb155&#8243; img_size=\u00bbfull\u00bb alignment=\u00bbcenter\u00bb el_class=\u00bblamawhat\u00bb][vc_column_text css=\u00bb\u00bb el_class=\u00bbparrafowhatcuadro\u00bb]En Wise Lama, entendemos que la adopci\u00f3n de valores humanos universales es esencial para enfrentar los desaf\u00edos cr\u00edticos que nuestro planeta y la humanidad est\u00e1n viviendo en la actualidad. En las pr\u00f3ximas d\u00e9cadas, seremos testigos de un aumento en problemas graves como la pobreza creciente, la escasez de recursos naturales, la crisis clim\u00e1tica, la migraci\u00f3n forzada, el racismo persistente, los conflictos geopol\u00edticos y la corrupci\u00f3n. La estructura actual de nuestra sociedad ha generado un sentimiento generalizado de desaliento y desconexi\u00f3n, exacerbando el ego\u00edsmo y la avaricia, y afectando profundamente la salud mental global. Este deterioro impacta no solo la vida individual, sino tambi\u00e9n la estabilidad de nuestras comunidades y la salud del medio ambiente.<\/p>\n<p>&nbsp;<\/p>\n<p>En el coraz\u00f3n de nuestra filosof\u00eda se encuentra el concepto de florecimiento humano, un enfoque integral hacia el bienestar tanto f\u00edsico como mental. Este florecimiento se logra mediante el liderazgo compasivo y la construcci\u00f3n de comunidades que promueven la integridad, la bondad y un profundo sentido de respeto y humildad en nuestro contexto global compartido. Creemos que cuando los individuos crecen y prosperan, las comunidades tambi\u00e9n lo hacen, generando un efecto multiplicador en su entorno.<\/p>\n<p>&nbsp;<\/p>\n<p>Para lograr un cambio aut\u00e9ntico, es fundamental que la transformaci\u00f3n comience desde el interior de cada comunidad. Este cambio inicia con el cuidado personal, tanto f\u00edsico como mental, y se extiende para fomentar el florecimiento en el entorno circundante. El entrenamiento de la mente y el coraz\u00f3n es fundamental para dar direcci\u00f3n y significado a nuestras vidas, y para expandir nuestra imaginaci\u00f3n colectiva. Nos recuerda que estamos conectados y que nuestras acciones tienen un impacto significativo en nuestra comunidad.<\/p>\n<p>&nbsp;<\/p>\n<p>En Wise Lama, visualizamos un mundo en el que tanto los individuos como las comunidades no solo sobrevivan, sino que realmente prosperen. Estamos comprometidos a materializar esta visi\u00f3n, promoviendo valores y pr\u00e1cticas que apoyen el bienestar y el crecimiento interior en diversos contextos. A trav\u00e9s de nuestro trabajo, enfrentamos los desaf\u00edos contempor\u00e1neos con esperanza y determinaci\u00f3n, apoyando el florecimiento de cada persona y comunidad en un entorno global diverso.[\/vc_column_text][vc_column_text el_class=\u00bbparrafowhatcuadro\u00bb][\/vc_column_text][\/vc_column][\/vc_row][vc_row el_id=\u00bbour-team\u00bb][vc_column][vc_empty_space height=\u00bb75px\u00bb][\/vc_column][\/vc_row][vc_row el_class=\u00bbparrafoabout\u00bb][vc_column][vc_column_text el_class=\u00bbnaranja\u00bb]<\/p>\n<h2 style=\"text-align: center;\">Founder<\/h2>\n<p>[\/vc_column_text][vc_empty_space height=\u00bb45px\u00bb el_class=\u00bbpc\u00bb][\/vc_column][\/vc_row][vc_row el_class=\u00bbfounderimg\u00bb][vc_column][vc_single_image image=\u00bb1804&#8243; img_size=\u00bbfull\u00bb alignment=\u00bbcenter\u00bb onclick=\u00bbcustom_link\u00bb css=\u00bb.vc_custom_1725779650598{margin-bottom: 25px !important;}\u00bb image_hovers=\u00bbfalse\u00bb link=\u00bbhttps:\/\/wiselama.org\/es\/team\/magda-torres\u00bb][vc_column_text el_class=\u00bbnombreteam\u00bb]Magda Torres[\/vc_column_text][vc_column_text css=\u00bb\u00bb el_class=\u00bblinktobio\u00bb]<a href=\"https:\/\/wiselama.org\/es\/team\/magda-torres\/\">Leer Bio<\/a>[\/vc_column_text][\/vc_column][\/vc_row][vc_row el_class=\u00bbparrafoabout\u00bb][vc_column][vc_empty_space height=\u00bb45px\u00bb el_class=\u00bbpc\u00bb][\/vc_column][\/vc_row][vc_row][vc_column][vc_column_text el_class=\u00bbnaranja\u00bb]<\/p>\n<h2 style=\"text-align: center;\">Team<\/h2>\n<p>[\/vc_column_text][vc_empty_space height=\u00bb45px\u00bb el_class=\u00bbpc\u00bb][vc_basic_grid post_type=\u00bbteam\u00bb max_items=\u00bb-1&#8243; item=\u00bb256&#8243; grid_id=\u00bbvc_gid:1734683825742-799dcee2-75ea-2&#8243; el_class=\u00bbparrafoteam\u00bb taxonomies=\u00bb11&#8243;][\/vc_column][\/vc_row][vc_row][vc_column][vc_column_text el_class=\u00bbnaranja\u00bb]<\/p>\n<h2 style=\"text-align: center;\">Advisory Board<\/h2>\n<p>[\/vc_column_text][vc_empty_space height=\u00bb45px\u00bb el_class=\u00bbpc\u00bb][vc_basic_grid post_type=\u00bbteam\u00bb max_items=\u00bb-1&#8243; item=\u00bb256&#8243; grid_id=\u00bbvc_gid:1734683825743-9b8b4ac4-cc42-3&#8243; el_class=\u00bbparrafoteam\u00bb taxonomies=\u00bb12&#8243;][\/vc_column][\/vc_row][vc_row][vc_column][vc_empty_space height=\u00bb30px\u00bb][\/vc_column][\/vc_row][vc_row full_width=\u00bbstretch_row\u00bb css=\u00bb.vc_custom_1719911852469{padding-top: 35px !important;}\u00bb el_class=\u00bblasthome\u00bb][vc_column][vc_separator color=\u00bbcustom\u00bb accent_color=\u00bb#d38a6e\u00bb][vc_row_inner el_class=\u00bbpasocial\u00bb][vc_column_inner][vc_single_image image=\u00bb44&#8243; img_size=\u00bbfull\u00bb alignment=\u00bbcenter\u00bb onclick=\u00bbcustom_link\u00bb img_link_target=\u00bb_blank\u00bb image_hovers=\u00bbfalse\u00bb el_class=\u00bbiconssocial\u00bb link=\u00bbhttps:\/\/www.facebook.com\/WiselamaCommunity\/\u00bb][vc_single_image image=\u00bb47&#8243; img_size=\u00bbfull\u00bb alignment=\u00bbcenter\u00bb onclick=\u00bbcustom_link\u00bb img_link_target=\u00bb_blank\u00bb image_hovers=\u00bbfalse\u00bb el_class=\u00bbiconssocial\u00bb link=\u00bbhttps:\/\/www.instagram.com\/wiselama_community\/\u00bb][vc_single_image image=\u00bb48&#8243; img_size=\u00bbfull\u00bb alignment=\u00bbcenter\u00bb onclick=\u00bbcustom_link\u00bb img_link_target=\u00bb_blank\u00bb image_hovers=\u00bbfalse\u00bb el_class=\u00bbiconssocial\u00bb link=\u00bbhttps:\/\/www.linkedin.com\/company\/wiselama\/?originalSubdomain=de\u00bb][vc_single_image image=\u00bb1245&#8243; img_size=\u00bbfull\u00bb alignment=\u00bbcenter\u00bb onclick=\u00bbcustom_link\u00bb img_link_target=\u00bb_blank\u00bb css=\u00bb\u00bb image_hovers=\u00bbfalse\u00bb el_class=\u00bbiconssocial ytube\u00bb link=\u00bbhttps:\/\/www.youtube.com\/@wiselama2818&#8243;][\/vc_column_inner][\/vc_row_inner][vc_empty_space height=\u00bb60px\u00bb][\/vc_column][\/vc_row]<\/p>\n<\/div>","protected":false},"excerpt":{"rendered":"<p>[vc_row el_id=\u00bbabout-us\u00bb][vc_column][vc_column_text css=\u00bb\u00bb el_class=\u00bbnaranja\u00bb] Sobre nosotros [\/vc_column_text][vc_column_text css=\u00bb\u00bb el_class=\u00bbparrafowhat\u00bb] En Wise Lama, nos dedicamos a promover el desarrollo integral de la mente y el coraz\u00f3n en diversos contextos, desde escuelas e instituciones gubernamentales hasta empresas y comunidades. Trabajamos en colaboraci\u00f3n con cada uno de nuestros clientes para fomentar la reflexi\u00f3n profunda y la pr\u00e1ctica de&hellip;<\/p>\n","protected":false},"author":1,"featured_media":0,"parent":0,"menu_order":0,"comment_status":"closed","ping_status":"closed","template":"","meta":{"_acf_changed":false,"inline_featured_image":false,"footnotes":""},"class_list":["post-1011","page","type-page","status-publish","hentry","description-off"],"acf":[],"_links":{"self":[{"href":"https:\/\/wiselama.org\/es\/wp-json\/wp\/v2\/pages\/1011","targetHints":{"allow":["GET"]}}],"collection":[{"href":"https:\/\/wiselama.org\/es\/wp-json\/wp\/v2\/pages"}],"about":[{"href":"https:\/\/wiselama.org\/es\/wp-json\/wp\/v2\/types\/page"}],"author":[{"embeddable":true,"href":"https:\/\/wiselama.org\/es\/wp-json\/wp\/v2\/users\/1"}],"replies":[{"embeddable":true,"href":"https:\/\/wiselama.org\/es\/wp-json\/wp\/v2\/comments?post=1011"}],"version-history":[{"count":94,"href":"https:\/\/wiselama.org\/es\/wp-json\/wp\/v2\/pages\/1011\/revisions"}],"predecessor-version":[{"id":2472,"href":"https:\/\/wiselama.org\/es\/wp-json\/wp\/v2\/pages\/1011\/revisions\/2472"}],"wp:attachment":[{"href":"https:\/\/wiselama.org\/es\/wp-json\/wp\/v2\/media?parent=1011"}],"curies":[{"name":"wp","href":"https:\/\/api.w.org\/{rel}","templated":true}]}}