{"id":1337,"date":"2023-05-29T08:51:51","date_gmt":"2023-05-29T08:51:51","guid":{"rendered":"http:\/\/wiselama.org.w0125739.kasserver.com\/donate\/"},"modified":"2025-01-13T14:55:34","modified_gmt":"2025-01-13T14:55:34","slug":"donate","status":"publish","type":"page","link":"https:\/\/wiselama.org\/es\/donate\/","title":{"rendered":"Donate"},"content":{"rendered":"<div class=\"wpb-content-wrapper\"><p>[vc_row][vc_column][vc_column_text css=\u00bb\u00bb el_class=\u00bbnaranja\u00bb]<\/p>\n<h2 style=\"text-align: center;\">Genera Impacto<\/h2>\n<p>[\/vc_column_text][vc_single_image image=\u00bb186&#8243; img_size=\u00bbfull\u00bb alignment=\u00bbcenter\u00bb el_class=\u00bblamawhat\u00bb][vc_column_text css=\u00bb\u00bb el_class=\u00bbparrafowhat\u00bb]<\/p>\n<h5 style=\"text-align: center;\"><span style=\"font-weight: 400;\">En un mundo donde el acceso a lo esencial a\u00fan no est\u00e1 garantizado para todos, quienes contamos con lo necesario disfrutamos de una posici\u00f3n de privilegio. Aunque el a\u00f1o 2024 ha tra\u00eddo avances, la carencia de derechos y necesidades b\u00e1sicas sigue afectando a muchas personas y animales.<\/span><\/h5>\n<p>&nbsp;<\/p>\n<h5 style=\"text-align: center;\"><span style=\"font-weight: 400;\">Conscientes de nuestra ventaja, apoyamos a organizaciones ben\u00e9ficas que comparten nuestros valores. Tu donaci\u00f3n, grande o peque\u00f1a, brinda asistencia esencial y transforma vidas.<\/span><\/h5>\n<p>[\/vc_column_text][vc_column_text css=\u00bb\u00bb]<\/p>\n<h4 style=\"text-align: center;\">Respalda una Iniciativa que Impacta<\/h4>\n<p>[\/vc_column_text][\/vc_column][\/vc_row][vc_row][vc_column][vc_empty_space height=\u00bb100px\u00bb][\/vc_column][\/vc_row][vc_row el_class=\u00bbelmarcoabout\u00bb][vc_column][vc_column_text css=\u00bb.vc_custom_1685350474711{margin-bottom: 25px !important;}\u00bb]<\/p>\n<h2 style=\"text-align: center;\">Goa Outreach<\/h2>\n<p>[\/vc_column_text][vc_single_image image=\u00bb176&#8243; img_size=\u00bbfull\u00bb alignment=\u00bbcenter\u00bb el_class=\u00bblamawhat\u00bb][vc_raw_html css=\u00bb.vc_custom_1686414589007{margin-bottom: 45px !important;}\u00bb el_class=\u00bbcontainervideo videovideo mob\u00bb]JTNDaWZyYW1lJTIwd2lkdGglM0QlMjI1NjAlMjIlMjBoZWlnaHQlM0QlMjIzMTUlMjIlMjBzcmMlM0QlMjJodHRwcyUzQSUyRiUyRnd3dy55b3V0dWJlLW5vY29va2llLmNvbSUyRmVtYmVkJTJGMGc3TGhudFdVa00lMjIlMjB0aXRsZSUzRCUyMllvdVR1YmUlMjB2aWRlbyUyMHBsYXllciUyMiUyMGZyYW1lYm9yZGVyJTNEJTIyMCUyMiUyMGFsbG93JTNEJTIyYWNjZWxlcm9tZXRlciUzQiUyMGF1dG9wbGF5JTNCJTIwY2xpcGJvYXJkLXdyaXRlJTNCJTIwZW5jcnlwdGVkLW1lZGlhJTNCJTIwZ3lyb3Njb3BlJTNCJTIwcGljdHVyZS1pbi1waWN0dXJlJTNCJTIwd2ViLXNoYXJlJTIyJTIwYWxsb3dmdWxsc2NyZWVuJTNFJTNDJTJGaWZyYW1lJTNF[\/vc_raw_html][vc_column_text css=\u00bb\u00bb el_class=\u00bbparrafowhatcuadro\u00bb]<span style=\"font-weight: 400;\">Goa Outreach es un apoyo fundamental para los ni\u00f1os de Goa que enfrentan enormes dificultades. Esta organizaci\u00f3n brinda ayuda a todos los ni\u00f1os, sin importar su origen o circunstancias, con un enfoque especial en aquellos que viven en barrios marginales o en las calles.<\/span><\/p>\n<p>&nbsp;<\/p>\n<p><span style=\"font-weight: 400;\">Muchos de estos ni\u00f1os se ven obligados a trabajar o mendigar para apoyar a sus familias, en lugar de asistir a la escuela. Al apoyar a Goa Outreach, contribuyes a romper este ciclo, proporcionando a estos ni\u00f1os la educaci\u00f3n y las oportunidades que necesitan para construir un futuro mejor.<\/span><\/p>\n<p>&nbsp;<\/p>\n<p><span style=\"font-weight: 400;\">Durante la pandemia, Goa Outreach ha redoblado sus esfuerzos, llevando ayuda esencial a m\u00e1s familias a pesar de las adversidades. Cada donaci\u00f3n, por peque\u00f1a que sea, es vital para ofrecer apoyo, alimento y esperanza a quienes m\u00e1s lo necesitan.<\/span><\/p>\n<p>&nbsp;<\/p>\n<p><span style=\"font-weight: 400;\">\u00danete a nosotros para hacer una diferencia duradera y brindarles a estos ni\u00f1os la oportunidad que merecen.<\/span>[\/vc_column_text][vc_column_text el_class=\u00bbparrafowhatcuadro conlink\u00bb]<\/p>\n<h5><a href=\"https:\/\/www.goaoutreach.org\/\" target=\"_blank\" rel=\"noopener\">www.goaoutreach.org<\/a><\/h5>\n<p>[\/vc_column_text][vc_raw_html css=\u00bb.vc_custom_1686414844345{margin-bottom: 45px !important;}\u00bb el_class=\u00bbcontainervideo videovideo pc\u00bb]JTNDaWZyYW1lJTIwd2lkdGglM0QlMjI1NjAlMjIlMjBoZWlnaHQlM0QlMjIzMTUlMjIlMjBzcmMlM0QlMjJodHRwcyUzQSUyRiUyRnd3dy55b3V0dWJlLW5vY29va2llLmNvbSUyRmVtYmVkJTJGMGc3TGhudFdVa00lMjIlMjB0aXRsZSUzRCUyMllvdVR1YmUlMjB2aWRlbyUyMHBsYXllciUyMiUyMGZyYW1lYm9yZGVyJTNEJTIyMCUyMiUyMGFsbG93JTNEJTIyYWNjZWxlcm9tZXRlciUzQiUyMGF1dG9wbGF5JTNCJTIwY2xpcGJvYXJkLXdyaXRlJTNCJTIwZW5jcnlwdGVkLW1lZGlhJTNCJTIwZ3lyb3Njb3BlJTNCJTIwcGljdHVyZS1pbi1waWN0dXJlJTNCJTIwd2ViLXNoYXJlJTIyJTIwYWxsb3dmdWxsc2NyZWVuJTNFJTNDJTJGaWZyYW1lJTNF[\/vc_raw_html]<style type=\"text\/css\" data-type=\"the7_shortcodes-inline-css\">#default-btn-72c9ee56c27676fd28d74e35ce8233dd {\n  border-radius: 15px;\n  font-size: 18px;\n  line-height: 20px;\n}\n.btn-shadow#default-btn-72c9ee56c27676fd28d74e35ce8233dd {\n  box-shadow: 0 1px 6px rgba(0,0,0,0.12);\n  transition: box-shadow 0.2s ease-out, opacity 0.45s;\n}\n.btn-shadow#default-btn-72c9ee56c27676fd28d74e35ce8233dd:hover {\n  box-shadow: 0 5px 11px 0 rgba(0,0,0,0.18), 0 4px 15px 0 rgba(0,0,0,0.15);\n}\n.btn-3d#default-btn-72c9ee56c27676fd28d74e35ce8233dd {\n  box-shadow: 0px 2px 0px 0px #e0e0e0;\n}\n.btn-3d#default-btn-72c9ee56c27676fd28d74e35ce8233dd:hover {\n  box-shadow: 0px 2px 0px 0px #000000;\n}\n.btn-flat#default-btn-72c9ee56c27676fd28d74e35ce8233dd {\n  box-shadow: none;\n}\n.btn-flat#default-btn-72c9ee56c27676fd28d74e35ce8233dd:hover {\n  box-shadow: none;\n}\n#default-btn-72c9ee56c27676fd28d74e35ce8233dd.ico-right-side > i {\n  margin-right: 0px;\n  margin-left: 8px;\n}\n#default-btn-72c9ee56c27676fd28d74e35ce8233dd > i {\n  margin-right: 8px;\n  font-size: 12px;\n}\n#default-btn-72c9ee56c27676fd28d74e35ce8233dd:not(:hover) {\n  border-width: 0px;\n  color: #000000;\n  background: #ffffff !important;\n  padding: 14px 30px 14px 30px;\n}\n#default-btn-72c9ee56c27676fd28d74e35ce8233dd:not(:hover) * {\n  color: #000000;\n}\n#default-btn-72c9ee56c27676fd28d74e35ce8233dd:hover {\n  border-width: 0px;\n  color: #ffffff;\n  background: #000000 !important;\n  padding: 14px 30px 14px 30px;\n}\n#default-btn-72c9ee56c27676fd28d74e35ce8233dd:hover * {\n  color: #ffffff;\n}\n#default-btn-72c9ee56c27676fd28d74e35ce8233dd.ico-right-side > i {\n  margin-right: 0px;\n  margin-left: 8px;\n}\n#default-btn-72c9ee56c27676fd28d74e35ce8233dd > i {\n  margin-right: 8px;\n}<\/style><div class=\"btn-align-center\"><a href=\"https:\/\/www.goaoutreach.org\/\" class=\"default-btn-shortcode dt-btn link-hover-off botoncito btn-flat  vc_custom_1724329708776\" target=\"_blank\" id=\"default-btn-72c9ee56c27676fd28d74e35ce8233dd\" rel=\"noopener\"><span>CONTRIBUYE<\/span><\/a><\/div>[\/vc_column][\/vc_row][vc_row][vc_column][vc_empty_space height=\u00bb75px\u00bb][\/vc_column][\/vc_row][vc_row el_class=\u00bbelmarcoabout\u00bb][vc_column][vc_column_text css=\u00bb.vc_custom_1724337970866{margin-bottom: 25px !important;}\u00bb]<\/p>\n<h2 style=\"text-align: center;\">Ramana\u2019s Garden<\/h2>\n<p>[\/vc_column_text][vc_single_image image=\u00bb177&#8243; img_size=\u00bbfull\u00bb alignment=\u00bbcenter\u00bb el_class=\u00bblamawhat\u00bb][vc_raw_html css=\u00bb.vc_custom_1736780070443{margin-bottom: 45px !important;}\u00bb el_class=\u00bbcontainervideo videovideo mob\u00bb]JTNDaWZyYW1lJTIwd2lkdGglM0QlMjI1NjAlMjIlMjBoZWlnaHQlM0QlMjIzMTUlMjIlMjBzcmMlM0QlMjJodHRwcyUzQSUyRiUyRnd3dy55b3V0dWJlLW5vY29va2llLmNvbSUyRmVtYmVkJTJGM3hvUWU2eWdaelklM0ZzaSUzREtEOXotUGZLNDh2bEQ1d1clMjIlMjB0aXRsZSUzRCUyMllvdVR1YmUlMjB2aWRlbyUyMHBsYXllciUyMiUyMGZyYW1lYm9yZGVyJTNEJTIyMCUyMiUyMGFsbG93JTNEJTIyYWNjZWxlcm9tZXRlciUzQiUyMGF1dG9wbGF5JTNCJTIwY2xpcGJvYXJkLXdyaXRlJTNCJTIwZW5jcnlwdGVkLW1lZGlhJTNCJTIwZ3lyb3Njb3BlJTNCJTIwcGljdHVyZS1pbi1waWN0dXJlJTNCJTIwd2ViLXNoYXJlJTIyJTIwcmVmZXJyZXJwb2xpY3klM0QlMjJzdHJpY3Qtb3JpZ2luLXdoZW4tY3Jvc3Mtb3JpZ2luJTIyJTIwYWxsb3dmdWxsc2NyZWVuJTNFJTNDJTJGaWZyYW1lJTNF[\/vc_raw_html][vc_column_text css=\u00bb\u00bb el_class=\u00bbparrafowhatcuadro\u00bb]<span style=\"font-weight: 400;\">Ramana\u2019s Garden es un refugio para ni\u00f1os en situaci\u00f3n de riesgo en Rishikesh, India, que les ofrece un hogar seguro y la oportunidad de un futuro mejor. Fundado hace m\u00e1s de 20 a\u00f1os por Prabhavati Dwabha, este santuario, ubicado en las monta\u00f1as junto al sagrado r\u00edo Ganges, es un salvavidas para ni\u00f1os que huyen de la pobreza extrema, el abuso y el abandono en India y Nepal.<\/span><\/p>\n<p>&nbsp;<\/p>\n<p><span style=\"font-weight: 400;\">Con alrededor de 70 ni\u00f1os que viven a tiempo completo en Ramana\u2019s Garden y m\u00e1s de 200 que asisten a la escuela diariamente, este refugio ofrece mucho m\u00e1s que las necesidades b\u00e1sicas: les brinda educaci\u00f3n y apoya su desarrollo para que crezcan como adultos independientes, compasivos y con habilidades. Sin este santuario, muchos de estos ni\u00f1os enfrentar\u00edan peligros inimaginables, como el trabajo forzado, la explotaci\u00f3n y la falta de hogar.<\/span><\/p>\n<p>&nbsp;<\/p>\n<p><span style=\"font-weight: 400;\">En respuesta a la pandemia, Ramana\u2019s Garden ha ampliado sus esfuerzos, proporcionando alimentos a miembros de la comunidad local que han sido desatendidos por la asistencia gubernamental.<\/span><\/p>\n<p>&nbsp;<\/p>\n<p><span style=\"font-weight: 400;\">Tu donaci\u00f3n tiene un impacto directo y profundo, ayudando a educar, alimentar y elevar a estos ni\u00f1os vulnerables. Juntos, podemos romper el ciclo de la pobreza y crear un cambio duradero, un ni\u00f1o a la vez.<\/span>[\/vc_column_text][vc_column_text el_class=\u00bbparrafowhatcuadro conlink\u00bb]<\/p>\n<h5><a href=\"https:\/\/www.ramanas.org\/\" target=\"_blank\" rel=\"noopener\">www.ramanas.org<\/a><\/h5>\n<p>[\/vc_column_text][vc_raw_html css=\u00bb.vc_custom_1686414601887{margin-bottom: 45px !important;}\u00bb el_class=\u00bbcontainervideo videovideo pc\u00bb]JTNDaWZyYW1lJTIwd2lkdGglM0QlMjI1NjAlMjIlMjBoZWlnaHQlM0QlMjIzMTUlMjIlMjBzcmMlM0QlMjJodHRwcyUzQSUyRiUyRnd3dy55b3V0dWJlLW5vY29va2llLmNvbSUyRmVtYmVkJTJGMGIyQ2U4Zk0yM28lMjIlMjB0aXRsZSUzRCUyMllvdVR1YmUlMjB2aWRlbyUyMHBsYXllciUyMiUyMGZyYW1lYm9yZGVyJTNEJTIyMCUyMiUyMGFsbG93JTNEJTIyYWNjZWxlcm9tZXRlciUzQiUyMGF1dG9wbGF5JTNCJTIwY2xpcGJvYXJkLXdyaXRlJTNCJTIwZW5jcnlwdGVkLW1lZGlhJTNCJTIwZ3lyb3Njb3BlJTNCJTIwcGljdHVyZS1pbi1waWN0dXJlJTNCJTIwd2ViLXNoYXJlJTIyJTIwYWxsb3dmdWxsc2NyZWVuJTNFJTNDJTJGaWZyYW1lJTNF[\/vc_raw_html]<style type=\"text\/css\" data-type=\"the7_shortcodes-inline-css\">#default-btn-0c4fbaf0e445527367aefe8e1307107a {\n  border-radius: 15px;\n  font-size: 18px;\n  line-height: 20px;\n}\n.btn-shadow#default-btn-0c4fbaf0e445527367aefe8e1307107a {\n  box-shadow: 0 1px 6px rgba(0,0,0,0.12);\n  transition: box-shadow 0.2s ease-out, opacity 0.45s;\n}\n.btn-shadow#default-btn-0c4fbaf0e445527367aefe8e1307107a:hover {\n  box-shadow: 0 5px 11px 0 rgba(0,0,0,0.18), 0 4px 15px 0 rgba(0,0,0,0.15);\n}\n.btn-3d#default-btn-0c4fbaf0e445527367aefe8e1307107a {\n  box-shadow: 0px 2px 0px 0px #e0e0e0;\n}\n.btn-3d#default-btn-0c4fbaf0e445527367aefe8e1307107a:hover {\n  box-shadow: 0px 2px 0px 0px #000000;\n}\n.btn-flat#default-btn-0c4fbaf0e445527367aefe8e1307107a {\n  box-shadow: none;\n}\n.btn-flat#default-btn-0c4fbaf0e445527367aefe8e1307107a:hover {\n  box-shadow: none;\n}\n#default-btn-0c4fbaf0e445527367aefe8e1307107a.ico-right-side > i {\n  margin-right: 0px;\n  margin-left: 8px;\n}\n#default-btn-0c4fbaf0e445527367aefe8e1307107a > i {\n  margin-right: 8px;\n  font-size: 12px;\n}\n#default-btn-0c4fbaf0e445527367aefe8e1307107a:not(:hover) {\n  border-width: 0px;\n  color: #000000;\n  background: #ffffff !important;\n  padding: 14px 30px 14px 30px;\n}\n#default-btn-0c4fbaf0e445527367aefe8e1307107a:not(:hover) * {\n  color: #000000;\n}\n#default-btn-0c4fbaf0e445527367aefe8e1307107a:hover {\n  border-width: 0px;\n  color: #ffffff;\n  background: #000000 !important;\n  padding: 14px 30px 14px 30px;\n}\n#default-btn-0c4fbaf0e445527367aefe8e1307107a:hover * {\n  color: #ffffff;\n}\n#default-btn-0c4fbaf0e445527367aefe8e1307107a.ico-right-side > i {\n  margin-right: 0px;\n  margin-left: 8px;\n}\n#default-btn-0c4fbaf0e445527367aefe8e1307107a > i {\n  margin-right: 8px;\n}<\/style><div class=\"btn-align-center\"><a href=\"https:\/\/www.snehacare.org\/\" class=\"default-btn-shortcode dt-btn link-hover-off botoncito btn-flat  vc_custom_1724411895880\" target=\"_blank\" id=\"default-btn-0c4fbaf0e445527367aefe8e1307107a\" rel=\"noopener\"><span>CONTRIBUYE<\/span><\/a><\/div>[\/vc_column][\/vc_row][vc_row][vc_column][vc_empty_space height=\u00bb75px\u00bb][\/vc_column][\/vc_row][vc_row el_class=\u00bbelmarcoabout\u00bb][vc_column][vc_column_text css=\u00bb.vc_custom_1685353718170{margin-bottom: 25px !important;}\u00bb]<\/p>\n<h2 style=\"text-align: center;\">Sneha\u2019s Care<\/h2>\n<p>[\/vc_column_text][vc_single_image image=\u00bb178&#8243; img_size=\u00bbfull\u00bb alignment=\u00bbcenter\u00bb el_class=\u00bblamawhat\u00bb][vc_raw_html css=\u00bb.vc_custom_1686414631015{margin-bottom: 45px !important;}\u00bb el_class=\u00bbcontainervideo videovideo mob\u00bb]JTNDaWZyYW1lJTIwd2lkdGglM0QlMjI1NjAlMjIlMjBoZWlnaHQlM0QlMjIzMTUlMjIlMjBzcmMlM0QlMjJodHRwcyUzQSUyRiUyRnd3dy55b3V0dWJlLW5vY29va2llLmNvbSUyRmVtYmVkJTJGQ0hXZi1XRnFCQnMlMjIlMjB0aXRsZSUzRCUyMllvdVR1YmUlMjB2aWRlbyUyMHBsYXllciUyMiUyMGZyYW1lYm9yZGVyJTNEJTIyMCUyMiUyMGFsbG93JTNEJTIyYWNjZWxlcm9tZXRlciUzQiUyMGF1dG9wbGF5JTNCJTIwY2xpcGJvYXJkLXdyaXRlJTNCJTIwZW5jcnlwdGVkLW1lZGlhJTNCJTIwZ3lyb3Njb3BlJTNCJTIwcGljdHVyZS1pbi1waWN0dXJlJTNCJTIwd2ViLXNoYXJlJTIyJTIwYWxsb3dmdWxsc2NyZWVuJTNFJTNDJTJGaWZyYW1lJTNF[\/vc_raw_html][vc_column_text css=\u00bb\u00bb el_class=\u00bbparrafowhatcuadro\u00bb]<span style=\"font-weight: 400;\">Sneha\u2019s Care, fundada en 2015 en el distrito de Lalitpur, Nepal, es una organizaci\u00f3n sin fines de lucro dedicada al bienestar animal, centrada en rescatar y cuidar a animales maltratados y abandonados. Con un enfoque especial en los perros callejeros, Sneha\u2019s Care proporciona atenci\u00f3n m\u00e9dica esencial, rehabilitaci\u00f3n y refugio a m\u00e1s de 150 perros, as\u00ed como a otros animales vulnerables, incluyendo ganado, b\u00fafalos, cabras, cerdos y m\u00e1s.<\/span><\/p>\n<p>&nbsp;<\/p>\n<p><span style=\"font-weight: 400;\">Impulsado por principios de compasi\u00f3n, dignidad y respeto, el equipo de Sneha\u2019s Care trabaja incansablemente para proteger a los animales de la crueldad y el abandono. Su misi\u00f3n va m\u00e1s all\u00e1 de las operaciones de rescate, abarcando tambi\u00e9n la gesti\u00f3n de la poblaci\u00f3n canina, la defensa de los derechos de los animales de granja y de trabajo, y la promoci\u00f3n del veganismo y el trato humano en toda la comunidad.<\/span><\/p>\n<p>&nbsp;<\/p>\n<p><span style=\"font-weight: 400;\">Tu generosa donaci\u00f3n apoya directamente a Sneha y su equipo en sus esfuerzos continuos por ofrecer un refugio seguro para estos animales, que a menudo son torturados y descuidados, brind\u00e1ndoles el amor y el cuidado que tanto necesitan. Juntos, podemos construir una comunidad donde todos los seres vivos sean tratados con la bondad y el respeto que merecen.<\/span>[\/vc_column_text][vc_column_text css=\u00bb\u00bb el_class=\u00bbparrafowhatcuadro conlink\u00bb]<\/p>\n<h5><a href=\"https:\/\/www.snehacare.org\" target=\"_blank\" rel=\"noopener\">www.snehacare.org<\/a><\/h5>\n<p>[\/vc_column_text][vc_raw_html css=\u00bb.vc_custom_1686414622664{margin-bottom: 45px !important;}\u00bb el_class=\u00bbcontainervideo videovideo pc\u00bb]JTNDaWZyYW1lJTIwd2lkdGglM0QlMjI1NjAlMjIlMjBoZWlnaHQlM0QlMjIzMTUlMjIlMjBzcmMlM0QlMjJodHRwcyUzQSUyRiUyRnd3dy55b3V0dWJlLW5vY29va2llLmNvbSUyRmVtYmVkJTJGQ0hXZi1XRnFCQnMlMjIlMjB0aXRsZSUzRCUyMllvdVR1YmUlMjB2aWRlbyUyMHBsYXllciUyMiUyMGZyYW1lYm9yZGVyJTNEJTIyMCUyMiUyMGFsbG93JTNEJTIyYWNjZWxlcm9tZXRlciUzQiUyMGF1dG9wbGF5JTNCJTIwY2xpcGJvYXJkLXdyaXRlJTNCJTIwZW5jcnlwdGVkLW1lZGlhJTNCJTIwZ3lyb3Njb3BlJTNCJTIwcGljdHVyZS1pbi1waWN0dXJlJTNCJTIwd2ViLXNoYXJlJTIyJTIwYWxsb3dmdWxsc2NyZWVuJTNFJTNDJTJGaWZyYW1lJTNF[\/vc_raw_html]<style type=\"text\/css\" data-type=\"the7_shortcodes-inline-css\">#default-btn-1c78ebdab80c7e06cdf84336c3792eba {\n  border-radius: 15px;\n  font-size: 18px;\n  line-height: 20px;\n}\n.btn-shadow#default-btn-1c78ebdab80c7e06cdf84336c3792eba {\n  box-shadow: 0 1px 6px rgba(0,0,0,0.12);\n  transition: box-shadow 0.2s ease-out, opacity 0.45s;\n}\n.btn-shadow#default-btn-1c78ebdab80c7e06cdf84336c3792eba:hover {\n  box-shadow: 0 5px 11px 0 rgba(0,0,0,0.18), 0 4px 15px 0 rgba(0,0,0,0.15);\n}\n.btn-3d#default-btn-1c78ebdab80c7e06cdf84336c3792eba {\n  box-shadow: 0px 2px 0px 0px #e0e0e0;\n}\n.btn-3d#default-btn-1c78ebdab80c7e06cdf84336c3792eba:hover {\n  box-shadow: 0px 2px 0px 0px #000000;\n}\n.btn-flat#default-btn-1c78ebdab80c7e06cdf84336c3792eba {\n  box-shadow: none;\n}\n.btn-flat#default-btn-1c78ebdab80c7e06cdf84336c3792eba:hover {\n  box-shadow: none;\n}\n#default-btn-1c78ebdab80c7e06cdf84336c3792eba.ico-right-side > i {\n  margin-right: 0px;\n  margin-left: 8px;\n}\n#default-btn-1c78ebdab80c7e06cdf84336c3792eba > i {\n  margin-right: 8px;\n  font-size: 12px;\n}\n#default-btn-1c78ebdab80c7e06cdf84336c3792eba:not(:hover) {\n  border-width: 0px;\n  color: #000000;\n  background: #ffffff !important;\n  padding: 14px 30px 14px 30px;\n}\n#default-btn-1c78ebdab80c7e06cdf84336c3792eba:not(:hover) * {\n  color: #000000;\n}\n#default-btn-1c78ebdab80c7e06cdf84336c3792eba:hover {\n  border-width: 0px;\n  color: #ffffff;\n  background: #000000 !important;\n  padding: 14px 30px 14px 30px;\n}\n#default-btn-1c78ebdab80c7e06cdf84336c3792eba:hover * {\n  color: #ffffff;\n}\n#default-btn-1c78ebdab80c7e06cdf84336c3792eba.ico-right-side > i {\n  margin-right: 0px;\n  margin-left: 8px;\n}\n#default-btn-1c78ebdab80c7e06cdf84336c3792eba > i {\n  margin-right: 8px;\n}<\/style><div class=\"btn-align-center\"><a href=\"#\" class=\"default-btn-shortcode dt-btn link-hover-off botoncito btn-flat  vc_custom_1724411882072\" id=\"default-btn-1c78ebdab80c7e06cdf84336c3792eba\"><span>CONTRIBUYE<\/span><\/a><\/div>[\/vc_column][\/vc_row][vc_row][vc_column][vc_empty_space height=\u00bb75px\u00bb el_class=\u00bbpc\u00bb][\/vc_column][\/vc_row][vc_row el_class=\u00bbelmarcoabout\u00bb][vc_column][vc_column_text css=\u00bb\u00bb]<\/p>\n<h3 style=\"text-align: center;\"><b>Animal Liberation Sanctuary<\/b><\/h3>\n<p>[\/vc_column_text][vc_single_image image=\u00bb2169&#8243; img_size=\u00bbfull\u00bb alignment=\u00bbcenter\u00bb onclick=\u00bbcustom_link\u00bb img_link_target=\u00bb_blank\u00bb css=\u00bb\u00bb link=\u00bbhttps:\/\/kopanmonastery.com\/charitable\/animal-sanctuary-nepal\u00bb][vc_column_text css=\u00bb\u00bb el_class=\u00bbparrafowhatcuadro\u00bb]<span style=\"font-weight: 400;\">En Nepal, donde los animales a menudo enfrentan condiciones duras, sufrimiento innecesario e incluso sacrificio, el Santuario de Liberaci\u00f3n Animal ofrece un refugio de paz y cuidado. Iniciado por Lama Zopa Rinpoche, este santuario cerca del Monasterio de Kopan brinda a los animales rescatados no solo una segunda oportunidad en la vida, sino tambi\u00e9n la posibilidad de experimentar compasi\u00f3n y la ense\u00f1anza del Buddha Dharma. Aqu\u00ed, animales como vacas, cabras y ovejas son liberados y cuidados con amor y respeto, permiti\u00e9ndoles vivir sus vidas de manera natural, en paz y dignidad.<\/span><\/p>\n<p>&nbsp;<\/p>\n<p><span style=\"font-weight: 400;\">Tu apoyo puede marcar una diferencia profunda. Al contribuir al Santuario de Liberaci\u00f3n Animal, ayudas a proporcionar el cuidado esencial, la alimentaci\u00f3n y la atenci\u00f3n m\u00e9dica que estos animales rescatados necesitan. Ya sea patrocinando los gastos de vida de una cabra, cubriendo los costos m\u00e9dicos o apoyando los salarios del cuidador, tu generosidad impacta directamente en el bienestar de estos animales.<\/span><\/p>\n<p>&nbsp;<\/p>\n<p><span style=\"font-weight: 400;\">Tu contribuci\u00f3n, sin importar su tama\u00f1o, ayuda a mantener un santuario donde los animales pueden vivir en paz y escapar del sufrimiento de los reinos inferiores.<\/span>[\/vc_column_text][vc_column_text css=\u00bb\u00bb el_class=\u00bbparrafowhatcuadro conlink\u00bb]<\/p>\n<h5><a href=\"https:\/\/enlightenmentforanimals.org\/\" target=\"_blank\" rel=\"noopener\">enlightenmentforanimals.org<\/a><\/h5>\n<p>[\/vc_column_text][vc_video link=\u00bbhttps:\/\/www.youtube.com\/watch?v=2UCTyZVhX8A\u00bb el_width=\u00bb60&#8243; align=\u00bbcenter\u00bb css=\u00bb\u00bb]<style type=\"text\/css\" data-type=\"the7_shortcodes-inline-css\">#default-btn-b88cccafb16a0000f81ee22ded46e0c7 {\n  border-radius: 15px;\n  font-size: 18px;\n  line-height: 20px;\n}\n.btn-shadow#default-btn-b88cccafb16a0000f81ee22ded46e0c7 {\n  box-shadow: 0 1px 6px rgba(0,0,0,0.12);\n  transition: box-shadow 0.2s ease-out, opacity 0.45s;\n}\n.btn-shadow#default-btn-b88cccafb16a0000f81ee22ded46e0c7:hover {\n  box-shadow: 0 5px 11px 0 rgba(0,0,0,0.18), 0 4px 15px 0 rgba(0,0,0,0.15);\n}\n.btn-3d#default-btn-b88cccafb16a0000f81ee22ded46e0c7 {\n  box-shadow: 0px 2px 0px 0px #e0e0e0;\n}\n.btn-3d#default-btn-b88cccafb16a0000f81ee22ded46e0c7:hover {\n  box-shadow: 0px 2px 0px 0px #000000;\n}\n.btn-flat#default-btn-b88cccafb16a0000f81ee22ded46e0c7 {\n  box-shadow: none;\n}\n.btn-flat#default-btn-b88cccafb16a0000f81ee22ded46e0c7:hover {\n  box-shadow: none;\n}\n#default-btn-b88cccafb16a0000f81ee22ded46e0c7.ico-right-side > i {\n  margin-right: 0px;\n  margin-left: 8px;\n}\n#default-btn-b88cccafb16a0000f81ee22ded46e0c7 > i {\n  margin-right: 8px;\n  font-size: 12px;\n}\n#default-btn-b88cccafb16a0000f81ee22ded46e0c7:not(:hover) {\n  border-width: 0px;\n  color: #000000;\n  background: #ffffff !important;\n  padding: 14px 30px 14px 30px;\n}\n#default-btn-b88cccafb16a0000f81ee22ded46e0c7:not(:hover) * {\n  color: #000000;\n}\n#default-btn-b88cccafb16a0000f81ee22ded46e0c7:hover {\n  border-width: 0px;\n  color: #ffffff;\n  background: #000000 !important;\n  padding: 14px 30px 14px 30px;\n}\n#default-btn-b88cccafb16a0000f81ee22ded46e0c7:hover * {\n  color: #ffffff;\n}\n#default-btn-b88cccafb16a0000f81ee22ded46e0c7.ico-right-side > i {\n  margin-right: 0px;\n  margin-left: 8px;\n}\n#default-btn-b88cccafb16a0000f81ee22ded46e0c7 > i {\n  margin-right: 8px;\n}<\/style><div class=\"btn-align-center\"><a href=\"https:\/\/fpmt.org\/support\/kopan\/animal-liberation-sanctuary\/\" class=\"default-btn-shortcode dt-btn link-hover-off botoncito btn-flat  vc_custom_1724411868476\" target=\"_blank\" id=\"default-btn-b88cccafb16a0000f81ee22ded46e0c7\" rel=\"noopener\"><span>CONTRIBUYE<\/span><\/a><\/div>[\/vc_column][\/vc_row][vc_row][vc_column][vc_empty_space height=\u00bb75px\u00bb el_class=\u00bbpc\u00bb][\/vc_column][\/vc_row][vc_row][vc_column][vc_column_text css=\u00bb\u00bb]<\/p>\n<h5 style=\"text-align: center;\">Haz la Diferencia Hoy<\/h5>\n<h5 style=\"text-align: center;\">Tu generosidad puede cambiar vidas.<\/h5>\n<h5 style=\"text-align: center;\">Estas organizaciones ben\u00e9ficas prosperan gracias al apoyo de personas como t\u00fa <span style=\"font-weight: 400;\">\u2665<\/span><\/h5>\n<p>[\/vc_column_text][\/vc_column][\/vc_row][vc_row][vc_column][vc_empty_space height=\u00bb75px\u00bb el_class=\u00bbpc\u00bb][\/vc_column][\/vc_row][vc_row full_width=\u00bbstretch_row\u00bb css=\u00bb.vc_custom_1685016286154{padding-top: 35px !important;}\u00bb el_class=\u00bblasthome\u00bb][vc_column][vc_separator color=\u00bbcustom\u00bb accent_color=\u00bb#d38a6e\u00bb][vc_row_inner el_class=\u00bbpasocial\u00bb][vc_column_inner][vc_single_image image=\u00bb44&#8243; img_size=\u00bbfull\u00bb alignment=\u00bbcenter\u00bb onclick=\u00bbcustom_link\u00bb img_link_target=\u00bb_blank\u00bb image_hovers=\u00bbfalse\u00bb el_class=\u00bbiconssocial\u00bb link=\u00bbhttps:\/\/www.facebook.com\/WiselamaCommunity\/\u00bb][vc_single_image image=\u00bb47&#8243; img_size=\u00bbfull\u00bb alignment=\u00bbcenter\u00bb onclick=\u00bbcustom_link\u00bb img_link_target=\u00bb_blank\u00bb image_hovers=\u00bbfalse\u00bb el_class=\u00bbiconssocial\u00bb link=\u00bbhttps:\/\/www.instagram.com\/wiselama_community\/\u00bb][vc_single_image image=\u00bb48&#8243; img_size=\u00bbfull\u00bb alignment=\u00bbcenter\u00bb onclick=\u00bbcustom_link\u00bb img_link_target=\u00bb_blank\u00bb image_hovers=\u00bbfalse\u00bb el_class=\u00bbiconssocial\u00bb link=\u00bbhttps:\/\/www.linkedin.com\/company\/wiselama\/?originalSubdomain=de\u00bb][vc_single_image image=\u00bb1489&#8243; img_size=\u00bbfull\u00bb alignment=\u00bbcenter\u00bb onclick=\u00bbcustom_link\u00bb img_link_target=\u00bb_blank\u00bb css=\u00bb\u00bb image_hovers=\u00bbfalse\u00bb el_class=\u00bbiconssocial ytube\u00bb link=\u00bbhttps:\/\/www.youtube.com\/@wiselama2818&#8243;][\/vc_column_inner][\/vc_row_inner][vc_empty_space height=\u00bb65px\u00bb][\/vc_column][\/vc_row]<\/p>\n<\/div>","protected":false},"excerpt":{"rendered":"<p>[vc_row][vc_column][vc_column_text css=\u00bb\u00bb el_class=\u00bbnaranja\u00bb] Genera Impacto [\/vc_column_text][vc_single_image image=\u00bb186&#8243; img_size=\u00bbfull\u00bb alignment=\u00bbcenter\u00bb el_class=\u00bblamawhat\u00bb][vc_column_text css=\u00bb\u00bb el_class=\u00bbparrafowhat\u00bb] En un mundo donde el acceso a lo esencial a\u00fan no est\u00e1 garantizado para todos, quienes contamos con lo necesario disfrutamos de una posici\u00f3n de privilegio. Aunque el a\u00f1o 2024 ha tra\u00eddo avances, la carencia de derechos y necesidades b\u00e1sicas sigue afectando a&hellip;<\/p>\n","protected":false},"author":1,"featured_media":0,"parent":0,"menu_order":0,"comment_status":"closed","ping_status":"closed","template":"","meta":{"_acf_changed":false,"inline_featured_image":false,"footnotes":""},"class_list":["post-1337","page","type-page","status-publish","hentry","description-off"],"acf":[],"_links":{"self":[{"href":"https:\/\/wiselama.org\/es\/wp-json\/wp\/v2\/pages\/1337","targetHints":{"allow":["GET"]}}],"collection":[{"href":"https:\/\/wiselama.org\/es\/wp-json\/wp\/v2\/pages"}],"about":[{"href":"https:\/\/wiselama.org\/es\/wp-json\/wp\/v2\/types\/page"}],"author":[{"embeddable":true,"href":"https:\/\/wiselama.org\/es\/wp-json\/wp\/v2\/users\/1"}],"replies":[{"embeddable":true,"href":"https:\/\/wiselama.org\/es\/wp-json\/wp\/v2\/comments?post=1337"}],"version-history":[{"count":20,"href":"https:\/\/wiselama.org\/es\/wp-json\/wp\/v2\/pages\/1337\/revisions"}],"predecessor-version":[{"id":2544,"href":"https:\/\/wiselama.org\/es\/wp-json\/wp\/v2\/pages\/1337\/revisions\/2544"}],"wp:attachment":[{"href":"https:\/\/wiselama.org\/es\/wp-json\/wp\/v2\/media?parent=1337"}],"curies":[{"name":"wp","href":"https:\/\/api.w.org\/{rel}","templated":true}]}}