{"id":1338,"date":"2023-06-02T10:26:10","date_gmt":"2023-06-02T10:26:10","guid":{"rendered":"http:\/\/wiselama.org.w0125739.kasserver.com\/library\/"},"modified":"2025-01-13T15:10:02","modified_gmt":"2025-01-13T15:10:02","slug":"library","status":"publish","type":"page","link":"https:\/\/wiselama.org\/es\/library\/","title":{"rendered":"Librer\u00eda"},"content":{"rendered":"<div class=\"wpb-content-wrapper\"><p>[vc_row el_class=\u00bbtotalgruposombra pc\u00bb][vc_column width=\u00bb1\/3&#8243; el_class=\u00bbbackgrounresources\u00bb css=\u00bb.vc_custom_1685701725314{background-image: url(http:\/\/wiselama.org.w0125739.kasserver.com\/wp-content\/uploads\/2023\/06\/thought-catalog-o0Qqw21-0NI-unsplash.jpg?id=517) !important;background-position: center !important;background-repeat: no-repeat !important;background-size: cover !important;}\u00bb][vc_single_image image=\u00bb517&#8243; img_size=\u00bbmedium\u00bb css=\u00bb\u00bb][\/vc_column][vc_column width=\u00bb2\/3&#8243; el_class=\u00bbinteriorcajasombra\u00bb][vc_column_text css=\u00bb\u00bb]<\/p>\n<h4>Librer\u00eda<\/h4>\n<p>[\/vc_column_text][vc_column_text css=\u00bb\u00bb el_class=\u00bbnaranja superpeque\u00bb]LIBROS[\/vc_column_text][vc_column_text css=\u00bb\u00bb el_class=\u00bbparrafodentrodecaja\u00bb]Si est\u00e1 buscando m\u00e1s medios e informaci\u00f3n para su viaje hacia la incertidumbre, esta colecci\u00f3n de libros, poes\u00eda, noticias edificantes, etc. es solo para usted.[\/vc_column_text][\/vc_column][\/vc_row][vc_row][vc_column][vc_column_text css=\u00bb\u00bb el_class=\u00bbnaranja mob\u00bb]<\/p>\n<h2 style=\"text-align: center;\">Librer\u00eda<\/h2>\n<p>[\/vc_column_text][vc_column_text css=\u00bb\u00bb el_class=\u00bbparrafodentrodecaja mob\u00bb]<\/p>\n<p style=\"text-align: center;\">Si est\u00e1 buscando m\u00e1s medios e informaci\u00f3n para su viaje hacia la incertidumbre, esta colecci\u00f3n de libros, poes\u00eda, noticias edificantes, etc. es solo para usted.<\/p>\n<p>[\/vc_column_text][vc_empty_space height=\u00bb100px\u00bb el_class=\u00bbpc\u00bb][\/vc_column][\/vc_row][vc_row gap=\u00bb25&#8243; el_class=\u00bbfilalib totalgruposombralib\u00bb][vc_column width=\u00bb1\/4&#8243;][vc_row_inner el_class=\u00bbtextoslib\u00bb][vc_column_inner][vc_single_image image=\u00bb578&#8243; img_size=\u00bbmedium\u00bb css=\u00bb\u00bb][vc_column_text el_class=\u00bbnombreteam\u00bb]The untethered soul[\/vc_column_text][vc_column_text el_class=\u00bbautorlib\u00bb]Michael A.Singer[\/vc_column_text][\/vc_column_inner][\/vc_row_inner][\/vc_column][vc_column width=\u00bb1\/4&#8243;][vc_row_inner el_class=\u00bbtextoslib\u00bb][vc_column_inner][vc_single_image image=\u00bb579&#8243; img_size=\u00bbmedium\u00bb css=\u00bb\u00bb][vc_column_text el_class=\u00bbnombreteam\u00bb]Cave in the snow[\/vc_column_text][vc_column_text el_class=\u00bbautorlib\u00bb]Vicki Mackenzif[\/vc_column_text][\/vc_column_inner][\/vc_row_inner][\/vc_column][vc_column width=\u00bb1\/4&#8243;][vc_row_inner el_class=\u00bbtextoslib\u00bb][vc_column_inner][vc_single_image image=\u00bb580&#8243; img_size=\u00bbmedium\u00bb css=\u00bb\u00bb][vc_column_text el_class=\u00bbnombreteam\u00bb]Cutting through spiritual materialism[\/vc_column_text][vc_column_text el_class=\u00bbautorlib\u00bb]Ch\u00f6gyam Trungpa[\/vc_column_text][\/vc_column_inner][\/vc_row_inner][\/vc_column][vc_column width=\u00bb1\/4&#8243;][vc_row_inner el_class=\u00bbtextoslib\u00bb][vc_column_inner][vc_single_image image=\u00bb577&#8243; img_size=\u00bbmedium\u00bb css=\u00bb\u00bb][vc_column_text el_class=\u00bbnombreteam\u00bb]Inner revolution[\/vc_column_text][vc_column_text el_class=\u00bbautorlib\u00bb]Robert Thurman[\/vc_column_text][\/vc_column_inner][\/vc_row_inner][\/vc_column][\/vc_row][vc_row gap=\u00bb25&#8243; el_class=\u00bbfilalib totalgruposombralib\u00bb][vc_column width=\u00bb1\/4&#8243;][vc_row_inner el_class=\u00bbtextoslib\u00bb][vc_column_inner][vc_single_image image=\u00bb574&#8243; img_size=\u00bbmedium\u00bb css=\u00bb\u00bb][vc_column_text el_class=\u00bbnombreteam\u00bb]Fear[\/vc_column_text][vc_column_text el_class=\u00bbautorlib\u00bb]Thich Nhat Hanh[\/vc_column_text][\/vc_column_inner][\/vc_row_inner][\/vc_column][vc_column width=\u00bb1\/4&#8243;][vc_row_inner el_class=\u00bbtextoslib\u00bb][vc_column_inner][vc_single_image image=\u00bb664&#8243; img_size=\u00bbmedium\u00bb css=\u00bb\u00bb][vc_column_text el_class=\u00bbnombreteam\u00bb]Radical Acceptance[\/vc_column_text][vc_column_text el_class=\u00bbautorlib\u00bb]Tara Branch Ph.D[\/vc_column_text][\/vc_column_inner][\/vc_row_inner][\/vc_column][vc_column width=\u00bb1\/4&#8243;][vc_row_inner el_class=\u00bbtextoslib\u00bb][vc_column_inner][vc_single_image image=\u00bb576&#8243; img_size=\u00bbmedium\u00bb css=\u00bb\u00bb][vc_column_text el_class=\u00bbnombreteam\u00bb]Going home[\/vc_column_text][vc_column_text el_class=\u00bbautorlib\u00bb]Thich Nhat Hanh[\/vc_column_text][\/vc_column_inner][\/vc_row_inner][\/vc_column][vc_column width=\u00bb1\/4&#8243;][vc_row_inner el_class=\u00bbtextoslib\u00bb][vc_column_inner][vc_single_image image=\u00bb573&#8243; img_size=\u00bbmedium\u00bb css=\u00bb\u00bb][vc_column_text el_class=\u00bbnombreteam\u00bb]The Miracle of Mindfulness[\/vc_column_text][vc_column_text el_class=\u00bbautorlib\u00bb]Thich Nhat Hanh[\/vc_column_text][\/vc_column_inner][\/vc_row_inner][\/vc_column][\/vc_row][vc_row gap=\u00bb25&#8243; el_class=\u00bbfilalib totalgruposombralib\u00bb][vc_column width=\u00bb1\/4&#8243;][vc_row_inner el_class=\u00bbtextoslib\u00bb][vc_column_inner][vc_single_image image=\u00bb550&#8243; img_size=\u00bbmedium\u00bb css=\u00bb\u00bb][vc_column_text el_class=\u00bbnombreteam\u00bb]Siddhantha[\/vc_column_text][vc_column_text el_class=\u00bbautorlib\u00bb]Herman Hesse[\/vc_column_text][vc_column_text el_class=\u00bblinklib\u00bb]<a href=\"https:\/\/www.apnamba.com\/Ebooks-pdf\/Siddhartha.pdf\" target=\"_blank\" rel=\"noopener\">Read Book<\/a>[\/vc_column_text][\/vc_column_inner][\/vc_row_inner][\/vc_column][vc_column width=\u00bb1\/4&#8243;][vc_row_inner el_class=\u00bbtextoslib\u00bb][vc_column_inner][vc_single_image image=\u00bb551&#8243; img_size=\u00bbmedium\u00bb css=\u00bb\u00bb][vc_column_text el_class=\u00bbnombreteam\u00bb]The Little Prince[\/vc_column_text][vc_column_text el_class=\u00bbautorlib\u00bb]Antoine de Saint-Exupery[\/vc_column_text][vc_column_text el_class=\u00bblinklib\u00bb]<a href=\"https:\/\/verse.aasemoon.com\/images\/f\/f5\/The_Little_Prince.pdf\" target=\"_blank\" rel=\"noopener\">Read Book<\/a>[\/vc_column_text][\/vc_column_inner][\/vc_row_inner][\/vc_column][vc_column width=\u00bb1\/4&#8243;][vc_row_inner el_class=\u00bbtextoslib\u00bb][vc_column_inner][vc_single_image image=\u00bb552&#8243; img_size=\u00bbmedium\u00bb css=\u00bb\u00bb][vc_column_text css=\u00bb\u00bb el_class=\u00bbnombreteam\u00bb]<\/p>\n<p class=\"LC20lb MBeuO DKV0Md\">Alice&#8217;s Adventures in Wonderland<\/p>\n<p>[\/vc_column_text][vc_column_text el_class=\u00bbautorlib\u00bb]Lewis Carroll[\/vc_column_text][vc_column_text el_class=\u00bblinklib\u00bb]<a href=\"https:\/\/www.adobe.com\/be_en\/active-use\/pdf\/Alice_in_Wonderland.pdf\" target=\"_blank\" rel=\"noopener\">Read Book<\/a>[\/vc_column_text][\/vc_column_inner][\/vc_row_inner][\/vc_column][vc_column width=\u00bb1\/4&#8243;][vc_row_inner el_class=\u00bbtextoslib\u00bb][vc_column_inner][vc_single_image image=\u00bb553&#8243; img_size=\u00bbmedium\u00bb css=\u00bb\u00bb][vc_column_text el_class=\u00bbnombreteam\u00bb]Guide to the Bodhisattva&#8217;s way of life[\/vc_column_text][vc_column_text el_class=\u00bbautorlib\u00bb]Shantideva[\/vc_column_text][vc_column_text el_class=\u00bblinklib\u00bb]<a href=\"https:\/\/www.dalailama-hamburg.de\/fileadmin\/user_upload\/texte\/bca-english-batchelor-ltwa.pdf\" target=\"_blank\" rel=\"noopener\">Read Book<\/a>[\/vc_column_text][\/vc_column_inner][\/vc_row_inner][\/vc_column][\/vc_row][vc_row el_class=\u00bbelmarcoalib\u00bb][vc_column][vc_row_inner][vc_column_inner][vc_raw_html el_class=\u00bbcontainervideo\u00bb]JTNDaWZyYW1lJTIwY2xhc3MlM0QlMjJ2aWRlb3ZpZGVvbGliJTIyJTIwd2lkdGglM0QlMjI1NjAlMjIlMjBoZWlnaHQlM0QlMjIzMTUlMjIlMjBzcmMlM0QlMjJodHRwcyUzQSUyRiUyRnd3dy55b3V0dWJlLW5vY29va2llLmNvbSUyRmVtYmVkJTJGY3M0Q1F4NVprX0UlMjIlMjB0aXRsZSUzRCUyMllvdVR1YmUlMjB2aWRlbyUyMHBsYXllciUyMiUyMGZyYW1lYm9yZGVyJTNEJTIyMCUyMiUyMGFsbG93JTNEJTIyYWNjZWxlcm9tZXRlciUzQiUyMGF1dG9wbGF5JTNCJTIwY2xpcGJvYXJkLXdyaXRlJTNCJTIwZW5jcnlwdGVkLW1lZGlhJTNCJTIwZ3lyb3Njb3BlJTNCJTIwcGljdHVyZS1pbi1waWN0dXJlJTNCJTIwd2ViLXNoYXJlJTIyJTIwYWxsb3dmdWxsc2NyZWVuJTNFJTNDJTJGaWZyYW1lJTNF[\/vc_raw_html][\/vc_column_inner][\/vc_row_inner][\/vc_column][\/vc_row][vc_row gap=\u00bb25&#8243; el_class=\u00bbfilalib totalgruposombralib\u00bb][vc_column width=\u00bb1\/4&#8243;][vc_row_inner el_class=\u00bbtextoslib\u00bb][vc_column_inner][vc_single_image image=\u00bb565&#8243; img_size=\u00bbmedium\u00bb css=\u00bb\u00bb][vc_column_text el_class=\u00bbnombreteam\u00bb]When things fall apart[\/vc_column_text][vc_column_text el_class=\u00bbautorlib\u00bb]Pema Ch\u00f6dr\u00f6n[\/vc_column_text][\/vc_column_inner][\/vc_row_inner][\/vc_column][vc_column width=\u00bb1\/4&#8243;][vc_row_inner el_class=\u00bbtextoslib\u00bb][vc_column_inner][vc_single_image image=\u00bb567&#8243; img_size=\u00bbmedium\u00bb css=\u00bb\u00bb][vc_column_text el_class=\u00bbnombreteam\u00bb]The prophet[\/vc_column_text][vc_column_text el_class=\u00bbautorlib\u00bb]Kahlil[\/vc_column_text][\/vc_column_inner][\/vc_row_inner][\/vc_column][vc_column width=\u00bb1\/4&#8243;][vc_row_inner el_class=\u00bbtextoslib\u00bb][vc_column_inner][vc_single_image image=\u00bb566&#8243; img_size=\u00bbmedium\u00bb css=\u00bb\u00bb][vc_column_text el_class=\u00bbnombreteam\u00bb]Start Where you are[\/vc_column_text][vc_column_text el_class=\u00bbautorlib\u00bb]Pema Ch\u00f6dr\u00f6n[\/vc_column_text][\/vc_column_inner][\/vc_row_inner][\/vc_column][vc_column width=\u00bb1\/4&#8243;][vc_row_inner el_class=\u00bbtextoslib\u00bb][vc_column_inner][vc_single_image image=\u00bb568&#8243; img_size=\u00bbmedium\u00bb css=\u00bb\u00bb][vc_column_text el_class=\u00bbnombreteam\u00bb]Rumi[\/vc_column_text][vc_column_text el_class=\u00bbautorlib\u00bb]Coleman Barks[\/vc_column_text][\/vc_column_inner][\/vc_row_inner][\/vc_column][\/vc_row][vc_row gap=\u00bb25&#8243; el_class=\u00bbfilalib totalgruposombralib\u00bb][vc_column width=\u00bb1\/4&#8243;][vc_row_inner el_class=\u00bbtextoslib\u00bb][vc_column_inner][vc_single_image image=\u00bb548&#8243; img_size=\u00bbmedium\u00bb css=\u00bb\u00bb][vc_column_text el_class=\u00bbnombreteam\u00bb]Yoga Nidra[\/vc_column_text][vc_column_text el_class=\u00bbautorlib\u00bb]Richard Miller[\/vc_column_text][\/vc_column_inner][\/vc_row_inner][\/vc_column][vc_column width=\u00bb1\/4&#8243;][vc_row_inner el_class=\u00bbtextoslib\u00bb][vc_column_inner][vc_single_image image=\u00bb547&#8243; img_size=\u00bbmedium\u00bb css=\u00bb\u00bb][vc_column_text el_class=\u00bbnombreteam\u00bb]The Gift &#8211; Poems[\/vc_column_text][vc_column_text el_class=\u00bbautorlib\u00bb]Hafiz[\/vc_column_text][\/vc_column_inner][\/vc_row_inner][\/vc_column][vc_column width=\u00bb1\/4&#8243;][vc_row_inner el_class=\u00bbtextoslib\u00bb][vc_column_inner][vc_single_image image=\u00bb548&#8243; img_size=\u00bbmedium\u00bb css=\u00bb\u00bb][vc_column_text el_class=\u00bbnombreteam\u00bb]Yoga Nidra &#8211; The Art of Transformational Sleep[\/vc_column_text][vc_column_text el_class=\u00bbautorlib\u00bb]Kamini Desai[\/vc_column_text][\/vc_column_inner][\/vc_row_inner][\/vc_column][vc_column width=\u00bb1\/4&#8243;][vc_row_inner el_class=\u00bbtextoslib\u00bb][vc_column_inner][vc_single_image image=\u00bb549&#8243; img_size=\u00bbmedium\u00bb css=\u00bb\u00bb][vc_column_text el_class=\u00bbnombreteam\u00bb]After the Ecstasy the Laundry[\/vc_column_text][vc_column_text el_class=\u00bbautorlib\u00bb]Jack Kornfield[\/vc_column_text][\/vc_column_inner][\/vc_row_inner][\/vc_column][\/vc_row][vc_row el_class=\u00bbelmarcoalib\u00bb][vc_column][vc_row_inner][vc_column_inner][vc_raw_html el_class=\u00bbcontainervideo\u00bb]JTNDaWZyYW1lJTIwY2xhc3MlM0QlMjJ2aWRlb3ZpZGVvbGliJTIyJTIwdGl0bGUlM0QlMjJ2aW1lby1wbGF5ZXIlMjIlMjBzcmMlM0QlMjJodHRwcyUzQSUyRiUyRnBsYXllci52aW1lby5jb20lMkZ2aWRlbyUyRjEwMDIyNjY0NiUzRmglM0RiMWUzYWE3ODEwJTIyJTIwd2lkdGglM0QlMjI2NDAlMjIlMjBoZWlnaHQlM0QlMjIzNjAlMjIlMjBmcmFtZWJvcmRlciUzRCUyMjAlMjIlMjAlMjAlMjAlMjBhbGxvd2Z1bGxzY3JlZW4lM0UlM0MlMkZpZnJhbWUlM0U=[\/vc_raw_html][\/vc_column_inner][\/vc_row_inner][\/vc_column][\/vc_row][vc_row gap=\u00bb25&#8243; el_class=\u00bbfilalib totalgruposombralib\u00bb][vc_column width=\u00bb1\/4&#8243;][vc_row_inner el_class=\u00bbtextoslib\u00bb][vc_column_inner][vc_single_image image=\u00bb569&#8243; img_size=\u00bbmedium\u00bb css=\u00bb\u00bb][vc_column_text css=\u00bb\u00bb el_class=\u00bbnombreteam\u00bb]Winnie-the-Pooh&#8217;s Little Book of Wisdom[\/vc_column_text][vc_column_text css=\u00bb\u00bb el_class=\u00bbnombreteam\u00bb]<\/p>\n<p style=\"text-align: center;\">A.A. Milne<\/p>\n<p>[\/vc_column_text][\/vc_column_inner][\/vc_row_inner][\/vc_column][vc_column width=\u00bb1\/4&#8243;][vc_row_inner el_class=\u00bbtextoslib\u00bb][vc_column_inner][vc_single_image image=\u00bb570&#8243; img_size=\u00bbmedium\u00bb css=\u00bb\u00bb][vc_column_text el_class=\u00bbnombreteam\u00bb]The monk and the philosopher[\/vc_column_text][vc_column_text css=\u00bb\u00bb el_class=\u00bbautorlib\u00bb]<\/p>\n<p style=\"text-align: center;\">Jean-Fran\u00e7ois Revel, Matthieu Ricard<\/p>\n<p>[\/vc_column_text][\/vc_column_inner][\/vc_row_inner][\/vc_column][vc_column width=\u00bb1\/4&#8243;][vc_row_inner el_class=\u00bbtextoslib\u00bb][vc_column_inner][vc_single_image image=\u00bb571&#8243; img_size=\u00bbmedium\u00bb css=\u00bb\u00bb][vc_column_text el_class=\u00bbnombreteam\u00bb]Buddhism for beginners[\/vc_column_text][vc_column_text css=\u00bb\u00bb el_class=\u00bbautorlib\u00bb]<\/p>\n<p style=\"text-align: center;\">Thubten Chodron<\/p>\n<p>[\/vc_column_text][\/vc_column_inner][\/vc_row_inner][\/vc_column][vc_column width=\u00bb1\/4&#8243;][vc_row_inner el_class=\u00bbtextoslib\u00bb][vc_column_inner][vc_single_image image=\u00bb572&#8243; img_size=\u00bbmedium\u00bb css=\u00bb\u00bb][vc_column_text el_class=\u00bbnombreteam\u00bb]The four agreements[\/vc_column_text][vc_column_text el_class=\u00bbautorlib\u00bb]Don Miguel Ruiz[\/vc_column_text][\/vc_column_inner][\/vc_row_inner][\/vc_column][\/vc_row][vc_row gap=\u00bb25&#8243; el_class=\u00bbfilalib totalgruposombralib\u00bb][vc_column width=\u00bb1\/4&#8243;][vc_row_inner el_class=\u00bbtextoslib\u00bb][vc_column_inner][vc_single_image image=\u00bb652&#8243; img_size=\u00bbmedium\u00bb css=\u00bb\u00bb][vc_column_text el_class=\u00bbnombreteam\u00bb]Life of the Buddha[\/vc_column_text][vc_column_text el_class=\u00bbautorlib\u00bb]Ashva ghosha[\/vc_column_text][\/vc_column_inner][\/vc_row_inner][\/vc_column][vc_column width=\u00bb1\/4&#8243;][vc_row_inner el_class=\u00bbtextoslib\u00bb][vc_column_inner][vc_single_image image=\u00bb650&#8243; img_size=\u00bbmedium\u00bb css=\u00bb\u00bb][vc_column_text el_class=\u00bbautorlib\u00bb]Robert A. F. Thurman[\/vc_column_text][\/vc_column_inner][\/vc_row_inner][\/vc_column][vc_column width=\u00bb1\/4&#8243;][vc_row_inner el_class=\u00bbtextoslib\u00bb][vc_column_inner][vc_single_image image=\u00bb649&#8243; img_size=\u00bbmedium\u00bb css=\u00bb\u00bb][vc_column_text el_class=\u00bbnombreteam\u00bb]Essential Mind Training[\/vc_column_text][vc_column_text el_class=\u00bbautorlib\u00bb]Tbupten Jinpa[\/vc_column_text][\/vc_column_inner][\/vc_row_inner][\/vc_column][vc_column width=\u00bb1\/4&#8243;][vc_row_inner el_class=\u00bbtextoslib\u00bb][vc_column_inner][vc_single_image image=\u00bb651&#8243; img_size=\u00bbmedium\u00bb css=\u00bb\u00bb][vc_column_text el_class=\u00bbnombreteam\u00bb]A Guide to the Bodhisattva&#8217;s Way of Life[\/vc_column_text][vc_column_text el_class=\u00bbautorlib\u00bb]Shantideva[\/vc_column_text][\/vc_column_inner][\/vc_row_inner][\/vc_column][\/vc_row][vc_row el_class=\u00bbelmarcoalib\u00bb][vc_column][vc_row_inner][vc_column_inner][vc_raw_html el_class=\u00bbcontainervideo\u00bb]JTNDaWZyYW1lJTIwY2xhc3MlM0QlMjJ2aWRlb3ZpZGVvbGliJTIyJTIwd2lkdGglM0QlMjI1NjAlMjIlMjBoZWlnaHQlM0QlMjIzMTUlMjIlMjBzcmMlM0QlMjJodHRwcyUzQSUyRiUyRnd3dy55b3V0dWJlLW5vY29va2llLmNvbSUyRmVtYmVkJTJGc0J4bUVzT0lpRXclMjIlMjB0aXRsZSUzRCUyMllvdVR1YmUlMjB2aWRlbyUyMHBsYXllciUyMiUyMGZyYW1lYm9yZGVyJTNEJTIyMCUyMiUyMGFsbG93JTNEJTIyYWNjZWxlcm9tZXRlciUzQiUyMGF1dG9wbGF5JTNCJTIwY2xpcGJvYXJkLXdyaXRlJTNCJTIwZW5jcnlwdGVkLW1lZGlhJTNCJTIwZ3lyb3Njb3BlJTNCJTIwcGljdHVyZS1pbi1waWN0dXJlJTNCJTIwd2ViLXNoYXJlJTIyJTIwYWxsb3dmdWxsc2NyZWVuJTNFJTNDJTJGaWZyYW1lJTNF[\/vc_raw_html][\/vc_column_inner][\/vc_row_inner][\/vc_column][\/vc_row][vc_row gap=\u00bb25&#8243; el_class=\u00bbfilalib totalgruposombralib\u00bb][vc_column width=\u00bb1\/4&#8243;][vc_row_inner el_class=\u00bbtextoslib\u00bb][vc_column_inner][vc_single_image image=\u00bb653&#8243; img_size=\u00bbmedium\u00bb css=\u00bb\u00bb][vc_column_text el_class=\u00bbnombreteam\u00bb]Autobiography of a Yogi[\/vc_column_text][vc_column_text el_class=\u00bbautorlib\u00bb]Paramahansa Yogananda[\/vc_column_text][\/vc_column_inner][\/vc_row_inner][\/vc_column][vc_column width=\u00bb1\/4&#8243;][vc_row_inner el_class=\u00bbtextoslib\u00bb][vc_column_inner][vc_single_image image=\u00bb654&#8243; img_size=\u00bbmedium\u00bb css=\u00bb\u00bb][vc_column_text el_class=\u00bbnombreteam\u00bb]A new earth[\/vc_column_text][vc_column_text el_class=\u00bbautorlib\u00bb]Eckhart Tolle[\/vc_column_text][\/vc_column_inner][\/vc_row_inner][\/vc_column][vc_column width=\u00bb1\/4&#8243;][vc_row_inner el_class=\u00bbtextoslib\u00bb][vc_column_inner][vc_single_image image=\u00bb663&#8243; img_size=\u00bbmedium\u00bb css=\u00bb\u00bb][vc_column_text css=\u00bb\u00bb el_class=\u00bbnombreteam\u00bb]<\/p>\n<p style=\"text-align: center;\">A Profound Mind: Cultivating Wisdom in Everyday Life<\/p>\n<p>[\/vc_column_text][vc_column_text css=\u00bb\u00bb el_class=\u00bbnombreteam\u00bb]<\/p>\n<p style=\"text-align: center;\">Dalai Lama<\/p>\n<p>[\/vc_column_text][\/vc_column_inner][\/vc_row_inner][\/vc_column][vc_column width=\u00bb1\/4&#8243;][vc_row_inner el_class=\u00bbtextoslib\u00bb][vc_column_inner][vc_single_image image=\u00bb656&#8243; img_size=\u00bbmedium\u00bb css=\u00bb\u00bb][vc_column_text el_class=\u00bbnombreteam\u00bb]The hundred thousand songs of Milarepa[\/vc_column_text][vc_column_text el_class=\u00bbautorlib\u00bb]Tsangny\u00f6n Heruka[\/vc_column_text][\/vc_column_inner][\/vc_row_inner][\/vc_column][\/vc_row][vc_row gap=\u00bb25&#8243; el_class=\u00bbfilalib totalgruposombralib\u00bb][vc_column width=\u00bb1\/4&#8243;][vc_row_inner el_class=\u00bbtextoslib\u00bb][vc_column_inner][vc_single_image image=\u00bb657&#8243; img_size=\u00bbmedium\u00bb css=\u00bb\u00bb][vc_column_text el_class=\u00bbnombreteam\u00bb]An introduction to Buddhist Ethics[\/vc_column_text][vc_column_text el_class=\u00bbautorlib\u00bb]Peter Harvey[\/vc_column_text][\/vc_column_inner][\/vc_row_inner][\/vc_column][vc_column width=\u00bb1\/4&#8243;][vc_row_inner el_class=\u00bbtextoslib\u00bb][vc_column_inner][vc_single_image image=\u00bb658&#8243; img_size=\u00bbmedium\u00bb css=\u00bb\u00bb][vc_column_text el_class=\u00bbnombreteam\u00bb]Gradual Awakening[\/vc_column_text][vc_column_text el_class=\u00bbautorlib\u00bb]Miles Neale[\/vc_column_text][\/vc_column_inner][\/vc_row_inner][\/vc_column][vc_column width=\u00bb1\/4&#8243;][vc_row_inner el_class=\u00bbtextoslib\u00bb][vc_column_inner][vc_single_image image=\u00bb659&#8243; img_size=\u00bbmedium\u00bb css=\u00bb\u00bb][vc_column_text el_class=\u00bbnombreteam\u00bb]the Great Treatise[\/vc_column_text][vc_column_text el_class=\u00bbautorlib\u00bb]Lam Rim Chen Mo[\/vc_column_text][\/vc_column_inner][\/vc_row_inner][\/vc_column][vc_column width=\u00bb1\/4&#8243;][vc_row_inner el_class=\u00bbtextoslib\u00bb][vc_column_inner][vc_single_image image=\u00bb661&#8243; img_size=\u00bbmedium\u00bb css=\u00bb\u00bb][vc_column_text el_class=\u00bbnombreteam\u00bb]The philosophy of the Yoga-V\u00e4sistha[\/vc_column_text][vc_column_text el_class=\u00bbautorlib\u00bb]B.L. Atreya[\/vc_column_text][\/vc_column_inner][\/vc_row_inner][\/vc_column][\/vc_row][vc_row el_class=\u00bbelmarcoalib\u00bb][vc_column][vc_row_inner][vc_column_inner][vc_raw_html el_class=\u00bbcontainervideo\u00bb]JTNDaWZyYW1lJTIwY2xhc3MlM0QlMjJ2aWRlb3ZpZGVvbGliJTIyJTIwd2lkdGglM0QlMjI1NjAlMjIlMjBoZWlnaHQlM0QlMjIzMTUlMjIlMjBzcmMlM0QlMjJodHRwcyUzQSUyRiUyRnd3dy55b3V0dWJlLW5vY29va2llLmNvbSUyRmVtYmVkJTJGZEhHUHlwWHlEVWMlMjIlMjB0aXRsZSUzRCUyMllvdVR1YmUlMjB2aWRlbyUyMHBsYXllciUyMiUyMGZyYW1lYm9yZGVyJTNEJTIyMCUyMiUyMGFsbG93JTNEJTIyYWNjZWxlcm9tZXRlciUzQiUyMGF1dG9wbGF5JTNCJTIwY2xpcGJvYXJkLXdyaXRlJTNCJTIwZW5jcnlwdGVkLW1lZGlhJTNCJTIwZ3lyb3Njb3BlJTNCJTIwcGljdHVyZS1pbi1waWN0dXJlJTNCJTIwd2ViLXNoYXJlJTIyJTIwYWxsb3dmdWxsc2NyZWVuJTNFJTNDJTJGaWZyYW1lJTNF[\/vc_raw_html][\/vc_column_inner][\/vc_row_inner][\/vc_column][\/vc_row][vc_row gap=\u00bb25&#8243; el_class=\u00bbfilalib totalgruposombralib\u00bb][vc_column width=\u00bb1\/4&#8243;][vc_row_inner el_class=\u00bbtextoslib\u00bb][vc_column_inner][vc_single_image image=\u00bb667&#8243; img_size=\u00bbmedium\u00bb css=\u00bb\u00bb][vc_column_text el_class=\u00bbnombreteam\u00bb]Under the Bayan Tree[\/vc_column_text][vc_column_text el_class=\u00bbautorlib\u00bb]Thich Nhat Hanh[\/vc_column_text][\/vc_column_inner][\/vc_row_inner][\/vc_column][vc_column width=\u00bb1\/4&#8243;][vc_row_inner el_class=\u00bbtextoslib\u00bb][vc_column_inner][vc_single_image image=\u00bb668&#8243; img_size=\u00bbmedium\u00bb css=\u00bb\u00bb][vc_column_text el_class=\u00bbnombreteam\u00bb]Happier[\/vc_column_text][vc_column_text el_class=\u00bbautorlib\u00bb]Tal Ben-Shahar[\/vc_column_text][\/vc_column_inner][\/vc_row_inner][\/vc_column][vc_column width=\u00bb1\/4&#8243;][vc_row_inner el_class=\u00bbtextoslib\u00bb][vc_column_inner][vc_single_image image=\u00bb669&#8243; img_size=\u00bbmedium\u00bb css=\u00bb\u00bb][vc_column_text el_class=\u00bbnombreteam\u00bb]Sky Dancer[\/vc_column_text][vc_column_text el_class=\u00bbautorlib\u00bb]Keith Dowman[\/vc_column_text][\/vc_column_inner][\/vc_row_inner][\/vc_column][vc_column width=\u00bb1\/4&#8243;][vc_row_inner el_class=\u00bbtextoslib\u00bb][vc_column_inner][vc_single_image image=\u00bb670&#8243; img_size=\u00bbmedium\u00bb css=\u00bb\u00bb][vc_column_text el_class=\u00bbnombreteam\u00bb]Women of Wisdom[\/vc_column_text][vc_column_text el_class=\u00bbautorlib\u00bb]Tsultrim Allione[\/vc_column_text][\/vc_column_inner][\/vc_row_inner][\/vc_column][\/vc_row][vc_row gap=\u00bb25&#8243; el_class=\u00bbfilalib totalgruposombralib\u00bb][vc_column width=\u00bb1\/4&#8243;][vc_row_inner el_class=\u00bbtextoslib\u00bb][vc_column_inner][vc_single_image image=\u00bb675&#8243; img_size=\u00bbmedium\u00bb css=\u00bb\u00bb][vc_column_text el_class=\u00bbnombreteam\u00bb]Training in compassion[\/vc_column_text][vc_column_text el_class=\u00bbautorlib\u00bb]Lojong[\/vc_column_text][\/vc_column_inner][\/vc_row_inner][\/vc_column][vc_column width=\u00bb1\/4&#8243;][vc_row_inner el_class=\u00bbtextoslib\u00bb][vc_column_inner][vc_single_image image=\u00bb666&#8243; img_size=\u00bbmedium\u00bb css=\u00bb\u00bb][vc_column_text el_class=\u00bbnombreteam\u00bb]Buddhism with an attitude[\/vc_column_text][vc_column_text el_class=\u00bbautorlib\u00bb]B. Alan Wallace[\/vc_column_text][\/vc_column_inner][\/vc_row_inner][\/vc_column][vc_column width=\u00bb1\/4&#8243;][vc_row_inner el_class=\u00bbtextoslib\u00bb][vc_column_inner][vc_single_image image=\u00bb672&#8243; img_size=\u00bbmedium\u00bb css=\u00bb\u00bb][vc_column_text el_class=\u00bbnombreteam\u00bb]Zen Mind. Beginner&#8217;s Mind[\/vc_column_text][vc_column_text el_class=\u00bbautorlib\u00bb]Shunryu Suzuki[\/vc_column_text][\/vc_column_inner][\/vc_row_inner][\/vc_column][vc_column width=\u00bb1\/4&#8243;][vc_row_inner el_class=\u00bbtextoslib\u00bb][vc_column_inner][vc_single_image image=\u00bb673&#8243; img_size=\u00bbmedium\u00bb css=\u00bb\u00bb][vc_column_text el_class=\u00bbnombreteam\u00bb]The Dalai Lama&#8217;s Cat[\/vc_column_text][vc_column_text el_class=\u00bbautorlib\u00bb]David Michie[\/vc_column_text][\/vc_column_inner][\/vc_row_inner][\/vc_column][\/vc_row][vc_row el_class=\u00bbelmarcoalib\u00bb][vc_column][vc_row_inner][vc_column_inner][vc_raw_html el_class=\u00bbcontainervideo\u00bb]JTNDaWZyYW1lJTIwJTIwY2xhc3MlM0QlMjJ2aWRlb3ZpZGVvbGliJTIyJTIwd2lkdGglM0QlMjI1NjAlMjIlMjBoZWlnaHQlM0QlMjIzMTUlMjIlMjBzcmMlM0QlMjJodHRwcyUzQSUyRiUyRnd3dy55b3V0dWJlLW5vY29va2llLmNvbSUyRmVtYmVkJTJGUlE5U3pQWlltM1UlMjIlMjB0aXRsZSUzRCUyMllvdVR1YmUlMjB2aWRlbyUyMHBsYXllciUyMiUyMGZyYW1lYm9yZGVyJTNEJTIyMCUyMiUyMGFsbG93JTNEJTIyYWNjZWxlcm9tZXRlciUzQiUyMGF1dG9wbGF5JTNCJTIwY2xpcGJvYXJkLXdyaXRlJTNCJTIwZW5jcnlwdGVkLW1lZGlhJTNCJTIwZ3lyb3Njb3BlJTNCJTIwcGljdHVyZS1pbi1waWN0dXJlJTNCJTIwd2ViLXNoYXJlJTIyJTIwYWxsb3dmdWxsc2NyZWVuJTNFJTNDJTJGaWZyYW1lJTNF[\/vc_raw_html][\/vc_column_inner][\/vc_row_inner][\/vc_column][\/vc_row][vc_row][vc_column][vc_empty_space][\/vc_column][\/vc_row]<\/p>\n<\/div>","protected":false},"excerpt":{"rendered":"<p>[vc_row el_class=\u00bbtotalgruposombra pc\u00bb][vc_column width=\u00bb1\/3&#8243; el_class=\u00bbbackgrounresources\u00bb css=\u00bb.vc_custom_1685701725314{background-image: url(http:\/\/wiselama.org.w0125739.kasserver.com\/wp-content\/uploads\/2023\/06\/thought-catalog-o0Qqw21-0NI-unsplash.jpg?id=517) !important;background-position: center !important;background-repeat: no-repeat !important;background-size: cover !important;}\u00bb][vc_single_image image=\u00bb517&#8243; img_size=\u00bbmedium\u00bb css=\u00bb\u00bb][\/vc_column][vc_column width=\u00bb2\/3&#8243; el_class=\u00bbinteriorcajasombra\u00bb][vc_column_text css=\u00bb\u00bb] Librer\u00eda [\/vc_column_text][vc_column_text css=\u00bb\u00bb el_class=\u00bbnaranja superpeque\u00bb]LIBROS[\/vc_column_text][vc_column_text css=\u00bb\u00bb el_class=\u00bbparrafodentrodecaja\u00bb]Si est\u00e1 buscando m\u00e1s medios e informaci\u00f3n para su viaje hacia la incertidumbre, esta colecci\u00f3n de libros, poes\u00eda, noticias edificantes, etc. es solo para usted.[\/vc_column_text][\/vc_column][\/vc_row][vc_row][vc_column][vc_column_text css=\u00bb\u00bb el_class=\u00bbnaranja mob\u00bb] Librer\u00eda&hellip;<\/p>\n","protected":false},"author":1,"featured_media":0,"parent":0,"menu_order":0,"comment_status":"closed","ping_status":"closed","template":"","meta":{"_acf_changed":false,"inline_featured_image":false,"footnotes":""},"class_list":["post-1338","page","type-page","status-publish","hentry","description-off"],"acf":[],"_links":{"self":[{"href":"https:\/\/wiselama.org\/es\/wp-json\/wp\/v2\/pages\/1338","targetHints":{"allow":["GET"]}}],"collection":[{"href":"https:\/\/wiselama.org\/es\/wp-json\/wp\/v2\/pages"}],"about":[{"href":"https:\/\/wiselama.org\/es\/wp-json\/wp\/v2\/types\/page"}],"author":[{"embeddable":true,"href":"https:\/\/wiselama.org\/es\/wp-json\/wp\/v2\/users\/1"}],"replies":[{"embeddable":true,"href":"https:\/\/wiselama.org\/es\/wp-json\/wp\/v2\/comments?post=1338"}],"version-history":[{"count":8,"href":"https:\/\/wiselama.org\/es\/wp-json\/wp\/v2\/pages\/1338\/revisions"}],"predecessor-version":[{"id":2547,"href":"https:\/\/wiselama.org\/es\/wp-json\/wp\/v2\/pages\/1338\/revisions\/2547"}],"wp:attachment":[{"href":"https:\/\/wiselama.org\/es\/wp-json\/wp\/v2\/media?parent=1338"}],"curies":[{"name":"wp","href":"https:\/\/api.w.org\/{rel}","templated":true}]}}