{"id":1373,"date":"2023-11-22T16:05:00","date_gmt":"2023-11-22T16:05:00","guid":{"rendered":"http:\/\/wiselama.org.w0125739.kasserver.com\/idgs-hub-macro-hub\/"},"modified":"2024-08-11T11:26:26","modified_gmt":"2024-08-11T11:26:26","slug":"wise-lama-y-idgs","status":"publish","type":"page","link":"https:\/\/wiselama.org\/es\/wise-lama-y-idgs\/","title":{"rendered":"IDGs"},"content":{"rendered":"<div class=\"wpb-content-wrapper\"><p>[vc_row el_class=\u00bbelmarcowhatcinco\u00bb][vc_column][vc_column_text css=\u00bb.vc_custom_1721399045508{margin-bottom: 25px !important;}\u00bb]<\/p>\n<h2 style=\"text-align: center;\">Wise Lama y IDGs<\/h2>\n<p>[\/vc_column_text][vc_single_image image=\u00bb135&#8243; img_size=\u00bbfull\u00bb alignment=\u00bbcenter\u00bb el_class=\u00bblamawhat\u00bb][vc_column_text css=\u00bb\u00bb el_class=\u00bbparrafowhatcuadro\u00bb]<\/p>\n<p style=\"text-align: center;\">Los <a href=\"https:\/\/idgcolombia.org\/\" target=\"_blank\" rel=\"noopener\">Objetivos de Desarrollo Interior (IDGs)<\/a> son una iniciativa global y abierta que promueve el desarrollo de capacidades internas esenciales para enfrentar los desaf\u00edos del futuro de manera sostenible. Respaldados por rigurosas investigaciones cient\u00edficas y la colaboraci\u00f3n de m\u00e1s de 1000 expertos, los IDGs se centran en cultivar habilidades clave que permiten a las personas vivir en armon\u00eda con su entorno y contribuir a una sociedad m\u00e1s equilibrada.<\/p>\n<p>&nbsp;<\/p>\n<p style=\"text-align: center;\">Desde su introducci\u00f3n en la MindShift Digital Conference de 2020 y la disponibilidad del marco en formato abierto en mayo de 2021, los IDGs han avanzado notablemente. La creaci\u00f3n del IDG Foundation en noviembre de 2023, respaldada por instituciones l\u00edderes, marca un hito en la gesti\u00f3n y expansi\u00f3n de esta iniciativa.<\/p>\n<p>&nbsp;<\/p>\n<p style=\"text-align: center;\">Con la creciente complejidad de los desaf\u00edos globales, los IDGs emergen como una respuesta esencial para fortalecer nuestras capacidades colectivas. Al alinearse con los Objetivos de Desarrollo Sostenible (ODS), ofrecen una gu\u00eda clara para avanzar hacia un progreso aut\u00e9ntico y duradero.<\/p>\n<p>[\/vc_column_text][vc_empty_space height=\u00bb30px\u00bb][vc_empty_space height=\u00bb30px\u00bb][vc_video link=\u00bbhttps:\/\/www.youtube.com\/watch?v=URkDO-BypRU\u00bb el_width=\u00bb80&#8243; align=\u00bbcenter\u00bb css=\u00bb\u00bb][vc_empty_space height=\u00bb30px\u00bb][vc_empty_space height=\u00bb30px\u00bb][vc_row_inner equal_height=\u00bbyes\u00bb content_placement=\u00bbtop\u00bb el_class=\u00bbparrafowhatcuadrofila\u00bb][vc_column_inner width=\u00bb1\/4&#8243;][vc_single_image image=\u00bb1166&#8243; img_size=\u00bbfull\u00bb el_class=\u00bbimagwhatnew\u00bb][\/vc_column_inner][vc_column_inner width=\u00bb3\/4&#8243;][vc_column_text css=\u00bb\u00bb]<\/p>\n<h5><span style=\"font-weight: 400;\">Nuestros programas integran el marco de los IDGs para fomentar el crecimiento integral a trav\u00e9s de sus cinco dimensiones y veintitr\u00e9s habilidades espec\u00edficas, abordando \u00e1reas clave como:<\/span><\/h5>\n<p>[\/vc_column_text][\/vc_column_inner][\/vc_row_inner][vc_row_inner equal_height=\u00bbyes\u00bb content_placement=\u00bbtop\u00bb el_class=\u00bbparrafowhatcuadrofila\u00bb][vc_column_inner width=\u00bb1\/4&#8243;][vc_single_image image=\u00bb1184&#8243; img_size=\u00bbfull\u00bb el_class=\u00bbimagwhatnew\u00bb][\/vc_column_inner][vc_column_inner width=\u00bb3\/4&#8243;][vc_column_text css=\u00bb\u00bb]<\/p>\n<h4>Ser \u2014 Relaci\u00f3n con uno mismo<\/h4>\n<p>[\/vc_column_text][vc_column_text css=\u00bb\u00bb]<b>Br\u00fajula Interna<\/b><span style=\"font-weight: 400;\">: Facilitamos el desarrollo de la capacidad para explorar el propio paisaje interior, promoviendo una direcci\u00f3n y prop\u00f3sito claros.<\/span><\/p>\n<p>&nbsp;<\/p>\n<p><b>Integridad y Autenticidad<\/b><span style=\"font-weight: 400;\">: Apoyamos la alineaci\u00f3n entre valores y acciones, fomentando una vida genuina y coherente.<\/span><\/p>\n<p>&nbsp;<\/p>\n<p><b>Apertura y Mentalidad de Aprendizaje<\/b><span style=\"font-weight: 400;\">: Impulsamos una actitud receptiva hacia nuevas ideas y experiencias, promoviendo el aprendizaje continuo.<\/span><\/p>\n<p>&nbsp;<\/p>\n<p><b>Autoconciencia<\/b><span style=\"font-weight: 400;\">: Proporcionamos herramientas para una comprensi\u00f3n profunda de las propias emociones, pensamientos y comportamientos, reforzando la autenticidad y la autoevaluaci\u00f3n.<\/span><\/p>\n<p><b>Presencia<\/b><span style=\"font-weight: 400;\">: Enfatizamos la atenci\u00f3n plena y la resiliencia, fortaleciendo la capacidad de mantener el equilibrio emocional y la fortaleza interior.<\/span>[\/vc_column_text][\/vc_column_inner][\/vc_row_inner][vc_row_inner equal_height=\u00bbyes\u00bb content_placement=\u00bbtop\u00bb el_class=\u00bbparrafowhatcuadrofila\u00bb][vc_column_inner width=\u00bb1\/4&#8243;][vc_single_image image=\u00bb1182&#8243; img_size=\u00bbfull\u00bb el_class=\u00bbimagwhatnew\u00bb][\/vc_column_inner][vc_column_inner width=\u00bb3\/4&#8243;][vc_column_text css=\u00bb\u00bb]<\/p>\n<h4>Pensar \u2014 Habilidades Cognitivas<\/h4>\n<p>[\/vc_column_text][vc_column_text css=\u00bb\u00bb]<b>Pensamiento Cr\u00edtico<\/b><span style=\"font-weight: 400;\">: Nuestros programas est\u00e1n dise\u00f1ados para potenciar las habilidades en pensamiento cr\u00edtico y la resoluci\u00f3n eficaz de problemas, permitiendo un enfoque m\u00e1s detallado y fundamentado para enfrentar desaf\u00edos complejos.<\/span><\/p>\n<p>&nbsp;<\/p>\n<p><b>Conciencia de la Complejidad<\/b><span style=\"font-weight: 400;\">: Promovemos la comprensi\u00f3n de la complejidad inherente a diversas situaciones y problemas.<\/span><\/p>\n<p>&nbsp;<\/p>\n<p><b>Habilidades de Perspectiva<\/b><span style=\"font-weight: 400;\">: Facilitamos la capacidad de considerar m\u00faltiples puntos de vista, mejorando la empat\u00eda y la colaboraci\u00f3n efectiva.<\/span><\/p>\n<p>&nbsp;<\/p>\n<p><b>Sentido y Significado<\/b><span style=\"font-weight: 400;\">: Apoyamos el desarrollo de la capacidad para interpretar y dar sentido a la informaci\u00f3n, integrando prop\u00f3sito y comprensi\u00f3n.<\/span><\/p>\n<p>&nbsp;<\/p>\n<p><b>Orientaci\u00f3n a Largo Plazo y Visi\u00f3n<\/b>: Integramos el aprendizaje socioemocional y \u00e9tico para fomentar decisiones responsables y sostenibles a largo plazo.[\/vc_column_text][\/vc_column_inner][\/vc_row_inner][vc_row_inner equal_height=\u00bbyes\u00bb content_placement=\u00bbtop\u00bb el_class=\u00bbparrafowhatcuadrofila\u00bb][vc_column_inner width=\u00bb1\/4&#8243;][vc_single_image image=\u00bb1180&#8243; img_size=\u00bbfull\u00bb el_class=\u00bbimagwhatnew\u00bb][\/vc_column_inner][vc_column_inner width=\u00bb3\/4&#8243;][vc_column_text css=\u00bb\u00bb]<\/p>\n<h4>Relacionarse \u2014 Cuidar de Los Dem\u00e1s y del Mundo<\/h4>\n<p>[\/vc_column_text][vc_column_text css=\u00bb\u00bb]<b>Aprecio<\/b><span style=\"font-weight: 400;\">: Facilitamos el cultivo de la compasi\u00f3n a trav\u00e9s de actividades que destacan la empat\u00eda y el valor inherente en cada individuo.<\/span><\/p>\n<p>&nbsp;<\/p>\n<p><b>Conectividad<\/b><span style=\"font-weight: 400;\">: Promovemos la comprensi\u00f3n de la interconexi\u00f3n entre todos, fomentando un profundo sentido de comunidad y apoyo mutuo.<\/span><\/p>\n<p>&nbsp;<\/p>\n<p><b>Humildad<\/b><span style=\"font-weight: 400;\">: Integrando la humildad, promovemos una cultura de apertura y aprendizaje continuo.<\/span><\/p>\n<p>&nbsp;<\/p>\n<p><b>Empat\u00eda y Compasi\u00f3n<\/b><span style=\"font-weight: 400;\">: Enfatizamos la pr\u00e1ctica de la empat\u00eda y la compasi\u00f3n, alentando acciones concretas que alivien el sufrimiento y fortalezcan la interconexi\u00f3n humana.<\/span>[\/vc_column_text][\/vc_column_inner][\/vc_row_inner][vc_row_inner equal_height=\u00bbyes\u00bb content_placement=\u00bbtop\u00bb el_class=\u00bbparrafowhatcuadrofila\u00bb][vc_column_inner width=\u00bb1\/4&#8243;][vc_single_image image=\u00bb1179&#8243; img_size=\u00bbfull\u00bb css=\u00bb\u00bb el_class=\u00bbimagwhatnew\u00bb][\/vc_column_inner][vc_column_inner width=\u00bb3\/4&#8243;][vc_column_text css=\u00bb\u00bb]<\/p>\n<h4><b>Colaborar \u2014 Habilidades Sociales<\/b><\/h4>\n<p>[\/vc_column_text][vc_column_text css=\u00bb\u00bb]<b>Habilidades de Comunicaci\u00f3n<\/b><span style=\"font-weight: 400;\">: Potenciamos la comunicaci\u00f3n efectiva para facilitar la expresi\u00f3n clara, la escucha activa y la comprensi\u00f3n de diversas perspectivas.<\/span><\/p>\n<p><b>Habilidades de Co-creaci\u00f3n<\/b><span style=\"font-weight: 400;\">: Apoyamos la resoluci\u00f3n colaborativa de problemas y el trabajo en equipo para generar soluciones innovadoras.<\/span><\/p>\n<p>&nbsp;<\/p>\n<p><b>Mentalidad Inclusiva y Competencia Intercultural<\/b><span style=\"font-weight: 400;\">: Fomentamos una mentalidad inclusiva y la competencia intercultural, creando un entorno seguro y respetuoso que celebre la diversidad cultural.<\/span><\/p>\n<p>&nbsp;<\/p>\n<p><b>Confianza<\/b><span style=\"font-weight: 400;\">: Construimos la confianza a trav\u00e9s de la comunicaci\u00f3n transparente, la fiabilidad y el respeto mutuo, facilitando una sinergia enriquecedora.<\/span><\/p>\n<p>&nbsp;<\/p>\n<p><b>Habilidades de Mobilizaci\u00f3n:<\/b><span style=\"font-weight: 400;\">\u00a0 Fomentamos la habilidad de motivar y alinear a las personas en torno a metas compartidas, potenciando la colaboraci\u00f3n efectiva y el compromiso en iniciativas colectivas.<\/span>[\/vc_column_text][\/vc_column_inner][\/vc_row_inner][vc_row_inner equal_height=\u00bbyes\u00bb content_placement=\u00bbtop\u00bb el_class=\u00bbparrafowhatcuadrofila\u00bb][vc_column_inner width=\u00bb1\/4&#8243;][vc_single_image image=\u00bb1177&#8243; img_size=\u00bbfull\u00bb css=\u00bb\u00bb el_class=\u00bbimagwhatnew\u00bb][\/vc_column_inner][vc_column_inner width=\u00bb3\/4&#8243;][vc_column_text css=\u00bb\u00bb]<\/p>\n<h4>Actuar \u2014 Posibilitar el cambio<\/h4>\n<p>[\/vc_column_text][vc_column_text css=\u00bb\u00bb]<b>Valent\u00eda:<\/b><span style=\"font-weight: 400;\"> Nuestros programas alientan a tomar decisiones firmes y a promover cambios transformadores, fortaleciendo la capacidad para enfrentar desaf\u00edos y generar impacto.<\/span><\/p>\n<p>&nbsp;<\/p>\n<p><b>Creatividad:<\/b><span style=\"font-weight: 400;\"> Facilitamos el pensamiento innovador mediante actividades que inspiran nuevas ideas y enfoques frescos para resolver problemas.<\/span><\/p>\n<p>&nbsp;<\/p>\n<p><b>Optimismo:<\/b><span style=\"font-weight: 400;\"> Promovemos una perspectiva constructiva sobre el futuro, motivando a adoptar un enfoque proactivo y resolutivo en los desaf\u00edos.<\/span><\/p>\n<p>&nbsp;<\/p>\n<p><b>Perseverancia:<\/b><span style=\"font-weight: 400;\"> Apoyamos la persistencia mediante la construcci\u00f3n de habilidades para mantener la determinaci\u00f3n y superar obst\u00e1culos hacia el logro de objetivos a largo plazo.<\/span>[\/vc_column_text][\/vc_column_inner][\/vc_row_inner][\/vc_column][\/vc_row][vc_row][vc_column][vc_empty_space height=\u00bb175px\u00bb][\/vc_column][\/vc_row][vc_row][vc_column][\/vc_column][\/vc_row][vc_row][vc_column][\/vc_column][\/vc_row][vc_row][vc_column][\/vc_column][\/vc_row]<\/p>\n<\/div>","protected":false},"excerpt":{"rendered":"<p>[vc_row el_class=\u00bbelmarcowhatcinco\u00bb][vc_column][vc_column_text css=\u00bb.vc_custom_1721399045508{margin-bottom: 25px !important;}\u00bb] Wise Lama y IDGs [\/vc_column_text][vc_single_image image=\u00bb135&#8243; img_size=\u00bbfull\u00bb alignment=\u00bbcenter\u00bb el_class=\u00bblamawhat\u00bb][vc_column_text css=\u00bb\u00bb el_class=\u00bbparrafowhatcuadro\u00bb] Los Objetivos de Desarrollo Interior (IDGs) son una iniciativa global y abierta que promueve el desarrollo de capacidades internas esenciales para enfrentar los desaf\u00edos del futuro de manera sostenible. Respaldados por rigurosas investigaciones cient\u00edficas y la colaboraci\u00f3n de m\u00e1s&hellip;<\/p>\n","protected":false},"author":1,"featured_media":0,"parent":0,"menu_order":0,"comment_status":"closed","ping_status":"closed","template":"","meta":{"_acf_changed":false,"inline_featured_image":false,"footnotes":""},"class_list":["post-1373","page","type-page","status-publish","hentry","description-off"],"acf":[],"_links":{"self":[{"href":"https:\/\/wiselama.org\/es\/wp-json\/wp\/v2\/pages\/1373","targetHints":{"allow":["GET"]}}],"collection":[{"href":"https:\/\/wiselama.org\/es\/wp-json\/wp\/v2\/pages"}],"about":[{"href":"https:\/\/wiselama.org\/es\/wp-json\/wp\/v2\/types\/page"}],"author":[{"embeddable":true,"href":"https:\/\/wiselama.org\/es\/wp-json\/wp\/v2\/users\/1"}],"replies":[{"embeddable":true,"href":"https:\/\/wiselama.org\/es\/wp-json\/wp\/v2\/comments?post=1373"}],"version-history":[{"count":13,"href":"https:\/\/wiselama.org\/es\/wp-json\/wp\/v2\/pages\/1373\/revisions"}],"predecessor-version":[{"id":1985,"href":"https:\/\/wiselama.org\/es\/wp-json\/wp\/v2\/pages\/1373\/revisions\/1985"}],"wp:attachment":[{"href":"https:\/\/wiselama.org\/es\/wp-json\/wp\/v2\/media?parent=1373"}],"curies":[{"name":"wp","href":"https:\/\/api.w.org\/{rel}","templated":true}]}}