{"id":1707,"date":"2024-07-09T10:06:14","date_gmt":"2024-07-09T10:06:14","guid":{"rendered":"http:\/\/wiselama.org.w0125739.kasserver.com\/sdgs-idgs\/"},"modified":"2024-08-26T14:31:32","modified_gmt":"2024-08-26T14:31:32","slug":"ods-y-odis","status":"publish","type":"page","link":"https:\/\/wiselama.org\/es\/ods-y-odis\/","title":{"rendered":"IDGs y ODIs"},"content":{"rendered":"<div class=\"wpb-content-wrapper\"><p>[vc_row][vc_column][vc_column_text css=\u00bb\u00bb]<\/p>\n<h2 style=\"text-align: center;\">IDGs &amp; SDGs<\/h2>\n<p>[\/vc_column_text][vc_single_image image=\u00bb2280&#8243; img_size=\u00bbmedium\u00bb alignment=\u00bbcenter\u00bb css=\u00bb\u00bb][vc_empty_space][vc_column_text css=\u00bb\u00bb]En 2015, los <a href=\"http:\/\/wiselama.org.w0125739.kasserver.com\/es\/wise-lama-y-ods\/\">Objetivos de Desarrollo Sostenible (ODS)<\/a> trazaron un plan integral para lograr un mundo sostenible para 2030. Sin embargo, a pesar de nuestros avances en \u00e1reas como la crisis clim\u00e1tica, la pobreza y la salud p\u00fablica, enfrentamos un desaf\u00edo crucial: sin una transformaci\u00f3n interior, cumplir con los ODS se vuelve inalcanzable.<\/p>\n<p>&nbsp;<\/p>\n<p>Aunque la visi\u00f3n de un futuro mejor es clara, el progreso ha sido limitado. Las soluciones t\u00e9cnicas y las pol\u00edticas p\u00fablicas, aunque necesarias, no son suficientes por s\u00ed solas. Lo que falta es una comprensi\u00f3n profunda de las habilidades y capacidades internas esenciales para enfrentar los desaf\u00edos complejos de nuestra era.<\/p>\n<p>&nbsp;<\/p>\n<p>El cambio interior se revela como la clave para desbloquear un verdadero avance. La investigaci\u00f3n moderna demuestra que estas habilidades internas pueden desarrollarse. Los <a href=\"http:\/\/wiselama.org.w0125739.kasserver.com\/es\/wise-lama-y-idgs\/\">Objetivos de Desarrollo Interior (IDGs)<\/a> ofrecen el marco necesario para cultivarlas, impulsando un impacto duradero y positivo.<\/p>\n<p>&nbsp;<\/p>\n<p>Sin una transformaci\u00f3n interior en individuos y organizaciones, no podremos alcanzar los ODS ni enfrentar con \u00e9xito los desaf\u00edos globales actuales. Los IDGs fortalecen el bienestar personal y colectivo, promoviendo la salud mental, la resiliencia y un crecimiento integral. Este enfoque nos prepara para abordar eficazmente problemas cr\u00edticos en \u00e1reas como la educaci\u00f3n, la salud, la igualdad y la sostenibilidad ambiental, y nos impulsa a crear una comunidad global m\u00e1s justa y pr\u00f3spera.<\/p>\n<p>&nbsp;<\/p>\n<p>Nuestro compromiso con estos principios es un llamado a la acci\u00f3n. Es una invitaci\u00f3n a reconocer que el verdadero cambio comienza desde dentro. Avanzamos juntos hacia una transformaci\u00f3n profunda, con la esperanza de que cada esfuerzo contribuye a un impacto significativo y positivo en el mundo, creando un futuro donde la justicia y el bienestar sean la norma.[\/vc_column_text][vc_empty_space][\/vc_column][\/vc_row][vc_row][vc_column][vc_row_inner][vc_column_inner width=\u00bb1\/2&#8243;][vc_single_image image=\u00bb1910&#8243; img_size=\u00bbmedium\u00bb alignment=\u00bbcenter\u00bb onclick=\u00bbcustom_link\u00bb img_link_target=\u00bb_blank\u00bb css=\u00bb\u00bb link=\u00bbhttps:\/\/innerdevelopmentgoals.org\/\u00bb][vc_empty_space][\/vc_column_inner][vc_column_inner width=\u00bb1\/2&#8243;][vc_single_image image=\u00bb1155&#8243; img_size=\u00bbmedium\u00bb alignment=\u00bbcenter\u00bb onclick=\u00bbcustom_link\u00bb img_link_target=\u00bb_blank\u00bb css=\u00bb\u00bb link=\u00bbhttps:\/\/www.un.org\/sustainabledevelopment\/es\/objetivos-de-desarrollo-sostenible\/\u00bb][vc_empty_space][\/vc_column_inner][\/vc_row_inner][\/vc_column][\/vc_row][vc_row][vc_column][vc_empty_space][vc_empty_space][\/vc_column][\/vc_row][vc_row][vc_column width=\u00bb1\/4&#8243;][vc_single_image image=\u00bb795&#8243; img_size=\u00bbfull\u00bb alignment=\u00bbright\u00bb onclick=\u00bbcustom_link\u00bb css=\u00bb\u00bb link=\u00bbhttps:\/\/www.facebook.com\/WiselamaCommunity\/\u00bb][\/vc_column][vc_column width=\u00bb1\/4&#8243;][vc_single_image image=\u00bb798&#8243; img_size=\u00bbfull\u00bb alignment=\u00bbcenter\u00bb onclick=\u00bbcustom_link\u00bb css=\u00bb\u00bb link=\u00bbhttps:\/\/www.instagram.com\/wiselama_community\/\u00bb][\/vc_column][vc_column width=\u00bb1\/4&#8243;][vc_single_image image=\u00bb799&#8243; img_size=\u00bbfull\u00bb alignment=\u00bbcenter\u00bb onclick=\u00bbcustom_link\u00bb css=\u00bb\u00bb link=\u00bbhttps:\/\/www.linkedin.com\/company\/wiselama\u00bb][\/vc_column][vc_column width=\u00bb1\/4&#8243;][vc_single_image image=\u00bb1490&#8243; alignment=\u00bbright\u00bb onclick=\u00bbcustom_link\u00bb img_link_target=\u00bb_blank\u00bb css=\u00bb\u00bb link=\u00bbhttps:\/\/www.youtube.com\/@wiselama2818&#8243;][\/vc_column][\/vc_row][vc_row][vc_column][vc_empty_space][\/vc_column][\/vc_row]<\/p>\n<\/div>","protected":false},"excerpt":{"rendered":"<p>[vc_row][vc_column][vc_column_text css=\u00bb\u00bb] IDGs &amp; SDGs [\/vc_column_text][vc_single_image image=\u00bb2280&#8243; img_size=\u00bbmedium\u00bb alignment=\u00bbcenter\u00bb css=\u00bb\u00bb][vc_empty_space][vc_column_text css=\u00bb\u00bb]En 2015, los Objetivos de Desarrollo Sostenible (ODS) trazaron un plan integral para lograr un mundo sostenible para 2030. Sin embargo, a pesar de nuestros avances en \u00e1reas como la crisis clim\u00e1tica, la pobreza y la salud p\u00fablica, enfrentamos un desaf\u00edo crucial: sin una transformaci\u00f3n&hellip;<\/p>\n","protected":false},"author":2,"featured_media":0,"parent":0,"menu_order":0,"comment_status":"closed","ping_status":"closed","template":"","meta":{"_acf_changed":false,"inline_featured_image":false,"footnotes":""},"class_list":["post-1707","page","type-page","status-publish","hentry","description-off"],"acf":[],"_links":{"self":[{"href":"https:\/\/wiselama.org\/es\/wp-json\/wp\/v2\/pages\/1707","targetHints":{"allow":["GET"]}}],"collection":[{"href":"https:\/\/wiselama.org\/es\/wp-json\/wp\/v2\/pages"}],"about":[{"href":"https:\/\/wiselama.org\/es\/wp-json\/wp\/v2\/types\/page"}],"author":[{"embeddable":true,"href":"https:\/\/wiselama.org\/es\/wp-json\/wp\/v2\/users\/2"}],"replies":[{"embeddable":true,"href":"https:\/\/wiselama.org\/es\/wp-json\/wp\/v2\/comments?post=1707"}],"version-history":[{"count":23,"href":"https:\/\/wiselama.org\/es\/wp-json\/wp\/v2\/pages\/1707\/revisions"}],"predecessor-version":[{"id":2284,"href":"https:\/\/wiselama.org\/es\/wp-json\/wp\/v2\/pages\/1707\/revisions\/2284"}],"wp:attachment":[{"href":"https:\/\/wiselama.org\/es\/wp-json\/wp\/v2\/media?parent=1707"}],"curies":[{"name":"wp","href":"https:\/\/api.w.org\/{rel}","templated":true}]}}