{"id":1709,"date":"2023-10-20T15:39:50","date_gmt":"2023-10-20T15:39:50","guid":{"rendered":"http:\/\/wiselama.org.w0125739.kasserver.com\/sdgs-idgs-at-wise-lama\/"},"modified":"2024-08-26T15:26:42","modified_gmt":"2024-08-26T15:26:42","slug":"wise-lama-y-ods","status":"publish","type":"page","link":"https:\/\/wiselama.org\/es\/wise-lama-y-ods\/","title":{"rendered":"ODS"},"content":{"rendered":"<div class=\"wpb-content-wrapper\"><p>[vc_row el_class=\u00bbelmarcowhatcinco\u00bb][vc_column][vc_column_text css=\u00bb.vc_custom_1721229227064{margin-bottom: 25px !important;}\u00bb]<\/p>\n<h2 style=\"text-align: center;\">Wise Lama y ODS<\/h2>\n<p>[\/vc_column_text][vc_single_image image=\u00bb135&#8243; img_size=\u00bbfull\u00bb alignment=\u00bbcenter\u00bb el_class=\u00bblamawhat\u00bb][vc_column_text css=\u00bb\u00bb el_class=\u00bbparrafowhatcuadro\u00bb]<\/p>\n<h5><span style=\"font-weight: 400;\"><strong><a href=\"https:\/\/sdgs.un.org\/es\/goals\" target=\"_blank\" rel=\"noopener\">Los Objetivos de Desarrollo Sostenible (ODS<\/a>)<\/strong>, establecidos por las Naciones Unidas en 2015, representan un llamado global a la acci\u00f3n para erradicar la pobreza, proteger el planeta y garantizar paz y prosperidad para todos para el a\u00f1o 2030.<\/span><\/h5>\n<p>[\/vc_column_text][vc_video link=\u00bbhttps:\/\/www.youtube.com\/watch?v=MCKH5xk8X-g\u00bb el_width=\u00bb80&#8243; align=\u00bbcenter\u00bb css=\u00bb\u00bb][vc_empty_space height=\u00bb45px\u00bb][vc_row_inner equal_height=\u00bbyes\u00bb content_placement=\u00bbtop\u00bb el_class=\u00bbparrafowhatcuadrofila\u00bb][vc_column_inner width=\u00bb1\/4&#8243;][vc_single_image image=\u00bb1154&#8243; img_size=\u00bbfull\u00bb alignment=\u00bbcenter\u00bb el_class=\u00bbimagwhatnew\u00bb][\/vc_column_inner][vc_column_inner width=\u00bb3\/4&#8243;][vc_column_text css=\u00bb\u00bb]<\/p>\n<h5>Nuestros programas est\u00e1n alineados con varios de estos objetivos, con un enfoque particular en:<\/h5>\n<p>[\/vc_column_text][\/vc_column_inner][\/vc_row_inner][vc_row_inner equal_height=\u00bbyes\u00bb content_placement=\u00bbtop\u00bb el_class=\u00bbparrafowhatcuadrofila\u00bb][vc_column_inner width=\u00bb1\/4&#8243;][vc_single_image image=\u00bb136&#8243; img_size=\u00bbfull\u00bb el_class=\u00bbimagwhatnew\u00bb][\/vc_column_inner][vc_column_inner width=\u00bb3\/4&#8243;][vc_column_text css=\u00bb\u00bb]<\/p>\n<h4>Objetivo 3: Salud y Bienestar<\/h4>\n<p>[\/vc_column_text][vc_column_text css=\u00bb\u00bb]<\/p>\n<h5>Nuestros programas avanzan en la promoci\u00f3n de la atenci\u00f3n plena, la resiliencia y el bienestar emocional, facilitando mejoras significativas en la salud mental y el bienestar integral de los individuos.<\/h5>\n<p>[\/vc_column_text][\/vc_column_inner][\/vc_row_inner][vc_row_inner equal_height=\u00bbyes\u00bb content_placement=\u00bbtop\u00bb el_class=\u00bbparrafowhatcuadrofila\u00bb][vc_column_inner width=\u00bb1\/4&#8243;][vc_single_image image=\u00bb1132&#8243; img_size=\u00bbfull\u00bb el_class=\u00bbimagwhatnew\u00bb][\/vc_column_inner][vc_column_inner width=\u00bb3\/4&#8243;][vc_column_text css=\u00bb\u00bb]<\/p>\n<h4>Objetivo 4: Educaci\u00f3n de Calidad<\/h4>\n<p>[\/vc_column_text][vc_column_text css=\u00bb\u00bb]<\/p>\n<h5>Impulsamos la excelencia educativa mediante la implementaci\u00f3n de programas dise\u00f1ados para transformar la experiencia de aprendizaje en toda la comunidad educativa. Estos programas proporcionan herramientas y enfoques innovadores que enriquecen la calidad de la educaci\u00f3n para estudiantes, educadores y personal administrativo.<\/h5>\n<p>[\/vc_column_text][\/vc_column_inner][\/vc_row_inner][vc_row_inner equal_height=\u00bbyes\u00bb content_placement=\u00bbtop\u00bb el_class=\u00bbparrafowhatcuadrofila\u00bb][vc_column_inner width=\u00bb1\/4&#8243;][vc_single_image image=\u00bb139&#8243; img_size=\u00bbfull\u00bb el_class=\u00bbimagwhatnew\u00bb][\/vc_column_inner][vc_column_inner width=\u00bb3\/4&#8243;][vc_column_text css=\u00bb\u00bb]<\/p>\n<h4>Objetivo 5: Igualdad de G\u00e9nero<\/h4>\n<p>[\/vc_column_text][vc_column_text css=\u00bb\u00bb]<\/p>\n<h5>A trav\u00e9s de la formaci\u00f3n en liderazgo compasivo y la creaci\u00f3n de entornos inclusivos, nuestros esfuerzos se centran en avanzar hacia la igualdad de g\u00e9nero, empoderando a mujeres y ni\u00f1as y promoviendo una cultura de equidad y respeto en todos los niveles.<\/h5>\n<p>[\/vc_column_text][\/vc_column_inner][\/vc_row_inner][vc_row_inner equal_height=\u00bbyes\u00bb content_placement=\u00bbtop\u00bb el_class=\u00bbparrafowhatcuadrofila\u00bb][vc_column_inner width=\u00bb1\/4&#8243;][vc_single_image image=\u00bb1142&#8243; img_size=\u00bbfull\u00bb el_class=\u00bbimagwhatnew\u00bb][\/vc_column_inner][vc_column_inner width=\u00bb3\/4&#8243;][vc_column_text css=\u00bb\u00bb]<\/p>\n<h4>Objetivo 10: Reducci\u00f3n de Desigualdades<\/h4>\n<p>[\/vc_column_text][vc_column_text css=\u00bb\u00bb]<\/p>\n<h5>Con un enfoque en la compasi\u00f3n, la empat\u00eda y la toma de decisiones \u00e9ticas, trabajamos para mitigar las desigualdades dentro de las comunidades y organizaciones, fomentando un entorno m\u00e1s equitativo y justo para todos.<\/h5>\n<p>[\/vc_column_text][\/vc_column_inner][\/vc_row_inner][vc_row_inner equal_height=\u00bbyes\u00bb content_placement=\u00bbtop\u00bb el_class=\u00bbparrafowhatcuadrofila\u00bb][vc_column_inner width=\u00bb1\/4&#8243;][vc_single_image image=\u00bb140&#8243; img_size=\u00bbfull\u00bb el_class=\u00bbimagwhatnew\u00bb][\/vc_column_inner][vc_column_inner width=\u00bb3\/4&#8243;][vc_column_text css=\u00bb\u00bb]<\/p>\n<h4>Objetivo 16: Paz, Justicia e Instituciones S\u00f3lidas<\/h4>\n<p>[\/vc_column_text][vc_column_text css=\u00bb\u00bb]<\/p>\n<h5>Nuestros programas est\u00e1n dise\u00f1ados para fortalecer a los l\u00edderes mediante el desarrollo de habilidades interpersonales cruciales, como la compasi\u00f3n, el aprendizaje socioemocional y la \u00e9tica. A trav\u00e9s de enfoques integrales, buscamos fortalecer las instituciones y apoyar la construcci\u00f3n de sociedades pac\u00edficas y justas, contribuyendo a un entorno donde la justicia y la equidad prevalezcan.<\/h5>\n<p>[\/vc_column_text][\/vc_column_inner][\/vc_row_inner][vc_row_inner equal_height=\u00bbyes\u00bb content_placement=\u00bbtop\u00bb el_class=\u00bbparrafowhatcuadrofila\u00bb][vc_column_inner width=\u00bb1\/4&#8243;][vc_single_image image=\u00bb1162&#8243; img_size=\u00bbfull\u00bb el_class=\u00bbimagwhatnew\u00bb][\/vc_column_inner][vc_column_inner width=\u00bb3\/4&#8243;][vc_column_text css=\u00bb\u00bb]<\/p>\n<h4>Objetivo 17: Alianzas para lograr los Objetivos<\/h4>\n<p>[\/vc_column_text][vc_column_text css=\u00bb\u00bb]<\/p>\n<h5>Formamos alianzas estrat\u00e9gicas con una amplia variedad de entidades, como instituciones educativas, empresas y organizaciones comunitarias. Al coordinar nuestros esfuerzos y unir nuestras fortalezas, trabajamos conjuntamente para avanzar en la consecuci\u00f3n de los ODS, impulsando un impacto colectivo y significativo hacia un futuro m\u00e1s justo y sostenible.<\/h5>\n<p>[\/vc_column_text][\/vc_column_inner][\/vc_row_inner][vc_empty_space height=\u00bb45px\u00bb][\/vc_column][\/vc_row]<\/p>\n<\/div>","protected":false},"excerpt":{"rendered":"<p>[vc_row el_class=\u00bbelmarcowhatcinco\u00bb][vc_column][vc_column_text css=\u00bb.vc_custom_1721229227064{margin-bottom: 25px !important;}\u00bb] Wise Lama y ODS [\/vc_column_text][vc_single_image image=\u00bb135&#8243; img_size=\u00bbfull\u00bb alignment=\u00bbcenter\u00bb el_class=\u00bblamawhat\u00bb][vc_column_text css=\u00bb\u00bb el_class=\u00bbparrafowhatcuadro\u00bb] Los Objetivos de Desarrollo Sostenible (ODS), establecidos por las Naciones Unidas en 2015, representan un llamado global a la acci\u00f3n para erradicar la pobreza, proteger el planeta y garantizar paz y prosperidad para todos para el a\u00f1o 2030. [\/vc_column_text][vc_video&hellip;<\/p>\n","protected":false},"author":1,"featured_media":0,"parent":0,"menu_order":0,"comment_status":"closed","ping_status":"closed","template":"","meta":{"_acf_changed":false,"inline_featured_image":false,"footnotes":""},"class_list":["post-1709","page","type-page","status-publish","hentry","description-off"],"acf":[],"_links":{"self":[{"href":"https:\/\/wiselama.org\/es\/wp-json\/wp\/v2\/pages\/1709","targetHints":{"allow":["GET"]}}],"collection":[{"href":"https:\/\/wiselama.org\/es\/wp-json\/wp\/v2\/pages"}],"about":[{"href":"https:\/\/wiselama.org\/es\/wp-json\/wp\/v2\/types\/page"}],"author":[{"embeddable":true,"href":"https:\/\/wiselama.org\/es\/wp-json\/wp\/v2\/users\/1"}],"replies":[{"embeddable":true,"href":"https:\/\/wiselama.org\/es\/wp-json\/wp\/v2\/comments?post=1709"}],"version-history":[{"count":10,"href":"https:\/\/wiselama.org\/es\/wp-json\/wp\/v2\/pages\/1709\/revisions"}],"predecessor-version":[{"id":2285,"href":"https:\/\/wiselama.org\/es\/wp-json\/wp\/v2\/pages\/1709\/revisions\/2285"}],"wp:attachment":[{"href":"https:\/\/wiselama.org\/es\/wp-json\/wp\/v2\/media?parent=1709"}],"curies":[{"name":"wp","href":"https:\/\/api.w.org\/{rel}","templated":true}]}}