{"id":1714,"date":"2023-10-20T15:42:37","date_gmt":"2023-10-20T15:42:37","guid":{"rendered":"http:\/\/wiselama.org.w0125739.kasserver.com\/idgs-hub\/"},"modified":"2024-08-28T09:14:49","modified_gmt":"2024-08-28T09:14:49","slug":"red-de-liderazgo-compasivo-y-resiliente-de-idg","status":"publish","type":"page","link":"https:\/\/wiselama.org\/es\/red-de-liderazgo-compasivo-y-resiliente-de-idg\/","title":{"rendered":"IDG Red de Liderazgo Compasivo y Resiliente"},"content":{"rendered":"<div class=\"wpb-content-wrapper\"><p>[vc_row][vc_column][\/vc_column][\/vc_row][vc_row el_class=\u00bbelmarcowhatcinco\u00bb][vc_column][vc_single_image image=\u00bb792&#8243; img_size=\u00bbmedium\u00bb alignment=\u00bbcenter\u00bb css=\u00bb\u00bb][vc_empty_space height=\u00bb30px\u00bb][vc_column_text css=\u00bb\u00bb el_class=\u00bbnaranja\u00bb]<\/p>\n<h4 style=\"text-align: center;\">IDG Red de Liderazgo Compasivo<\/h4>\n<h4 style=\"text-align: center;\">y Resiliente<\/h4>\n<p>[\/vc_column_text][vc_column_text css=\u00bb\u00bb el_class=\u00bbparrafowhatcuadro\u00bb]<\/p>\n<h4><span style=\"font-weight: 400;\">En la<\/span><b> IDG Red de Liderazgo Compasivo y Resiliente<\/b><span style=\"font-weight: 400;\">, Nuestro enfoque es transformar el liderazgo en una fuerza aut\u00e9ntica para el bien com\u00fan. Creemos en la capacidad innata de cada persona para guiar con empat\u00eda y determinaci\u00f3n, y trabajamos para fortalecer estas habilidades en diversos contextos, desde el entorno educativo y profesional hasta el familiar y comunitario.<\/span><\/h4>\n<p>[\/vc_column_text][vc_column_text css=\u00bb\u00bb el_class=\u00bbparrafowhatcuadro\u00bb]Creemos que el liderazgo aut\u00e9ntico impulsa un crecimiento continuo en el desarrollo personal y en la responsabilidad hacia el entorno, creando un impacto duradero en ambos \u00e1mbitos. Este camino se fundamenta en una autoobservaci\u00f3n sincera, un pensamiento cr\u00edtico abierto y un verdadero compromiso con el bienestar de las personas y del planeta. Fomentamos la resiliencia y la compasi\u00f3n, alentando una colaboraci\u00f3n enriquecedora que inspira el crecimiento y la transformaci\u00f3n, tanto a nivel individual como en nuestras comunidades.<\/p>\n<p>&nbsp;<\/p>\n<p>Nuestro prop\u00f3sito es construir entornos donde la empat\u00eda sea la norma, la resiliencia se cultive y cada voz se sienta valorada. Aspiramos a crear culturas de trabajo y comunidades donde el liderazgo inspire y conecte, fomentando un mundo m\u00e1s equilibrado y armonioso. Con el marco de los IDGs como gu\u00eda, empoderamos a los l\u00edderes para alinear sus acciones con su prop\u00f3sito m\u00e1s elevado, contribuyendo al bienestar universal y al respeto por todo lo que nos rodea.<\/p>\n<p>&nbsp;<\/p>\n<p>Como parte de este movimiento global, abrazamos la idea de comunidad y conexi\u00f3n profunda. Visualizamos un futuro donde la empat\u00eda, la comprensi\u00f3n y el respeto fundamenten nuestras interacciones, abordando los desaf\u00edos con una actitud solidaria y fortaleciendo nuestro v\u00ednculo con el entorno y todos los seres vivos. Juntos, estamos formando una red de l\u00edderes que promuevan el bienestar, fortalezcan relaciones significativas y generen un cambio transformador hacia un mundo m\u00e1s justo y sostenible.<\/p>\n<p>&nbsp;<\/p>\n<p><span style=\"font-weight: 400;\">Descubre m\u00e1s sobre los\u00a0<a href=\"http:\/\/www.innerdevelopmentgoals.org\"> IDGs<\/a><\/span>[\/vc_column_text][vc_empty_space height=\u00bb30px\u00bb][vc_row_inner equal_height=\u00bbyes\u00bb content_placement=\u00bbtop\u00bb el_class=\u00bbparrafowhatcuadrofila\u00bb][vc_column_inner width=\u00bb1\/4&#8243;][vc_column_text css=\u00bb\u00bb]<\/p>\n<h4>Misi\u00f3n<\/h4>\n<p>[\/vc_column_text][\/vc_column_inner][vc_column_inner width=\u00bb3\/4&#8243;][vc_column_text css=\u00bb\u00bb]Como red global de l\u00edderes y agentes de cambio, nuestra misi\u00f3n es impulsar una transformaci\u00f3n profunda a trav\u00e9s de la promoci\u00f3n de los Objetivos de Desarrollo Interior (IDGs) en educaci\u00f3n, negocios, salud y otros sectores cruciales. Estamos comprometidos en fomentar un liderazgo compasivo y resiliente que no solo inspire innovaci\u00f3n, sino que tambi\u00e9n enriquezca y revitalice a la sociedad en su conjunto.<\/p>\n<p>&nbsp;<\/p>\n<p><span style=\"font-weight: 400;\">S\u00edguenos en <a href=\"http:\/\/www.linkedin.com\/company\/idg-network-compassionate-and-resilient-leadership\">LinkedIn<\/a><\/span>[\/vc_column_text][\/vc_column_inner][\/vc_row_inner][vc_row_inner equal_height=\u00bbyes\u00bb content_placement=\u00bbtop\u00bb el_class=\u00bbparrafowhatcuadrofila\u00bb][vc_column_inner width=\u00bb1\/4&#8243;][vc_column_text css=\u00bb\u00bb]<\/p>\n<h4><b>\u00bfPor qu\u00e9 Compasi\u00f3n?<\/b><\/h4>\n<p>[\/vc_column_text][\/vc_column_inner][vc_column_inner width=\u00bb3\/4&#8243;][vc_column_text css=\u00bb\u00bb]<span style=\"font-weight: 400;\">La compasi\u00f3n act\u00faa como el hilo invisible que une nuestros corazones, permiti\u00e9ndonos ver a los dem\u00e1s con empat\u00eda genuina, valorar sus contribuciones \u00fanicas y establecer conexiones profundas y significativas. Buscamos crear entornos donde la compasi\u00f3n se convierta en una pr\u00e1ctica cotidiana, no solo un ideal. Nuestro objetivo es integrarla de manera integral en nuestras vidas, eliminando la dicotom\u00eda entre el ideal y la pr\u00e1ctica.<\/span><\/p>\n<p><span style=\"font-weight: 400;\">Las habilidades del marco IDG asociadas con la compasi\u00f3n incluyen:<\/span><\/p>\n<p>&nbsp;<\/p>\n<ul>\n<li style=\"font-weight: 400;\" aria-level=\"1\"><b>Apreciaci\u00f3n<\/b><span style=\"font-weight: 400;\">: Reconocer y valorar las contribuciones \u00fanicas de cada individuo.<\/span><\/li>\n<\/ul>\n<p>&nbsp;<\/p>\n<ul>\n<li style=\"font-weight: 400;\" aria-level=\"1\"><b>Conectividad<\/b><span style=\"font-weight: 400;\">: Cultivar relaciones profundas y significativas que van m\u00e1s all\u00e1 de las interacciones superficiales.<\/span><\/li>\n<\/ul>\n<p>&nbsp;<\/p>\n<ul>\n<li style=\"font-weight: 400;\" aria-level=\"1\"><b>Empat\u00eda y Compasi\u00f3n<\/b><span style=\"font-weight: 400;\">: Responder con aut\u00e9ntico entendimiento y cuidado ante las experiencias de los dem\u00e1s<\/span><\/li>\n<\/ul>\n<p>[\/vc_column_text][\/vc_column_inner][\/vc_row_inner][vc_video link=\u00bbhttps:\/\/youtu.be\/iM1qV__1ZDI?si=C_GeavA9HiEgcDxd\u00bb el_width=\u00bb80&#8243; align=\u00bbcenter\u00bb css=\u00bb\u00bb][vc_row_inner equal_height=\u00bbyes\u00bb content_placement=\u00bbtop\u00bb el_class=\u00bbparrafowhatcuadrofila\u00bb][vc_column_inner width=\u00bb1\/4&#8243;][vc_column_text css=\u00bb\u00bb]<\/p>\n<h4>\u00bfPor qu\u00e9 Resiliencia?<\/h4>\n<p>[\/vc_column_text][\/vc_column_inner][vc_column_inner width=\u00bb3\/4&#8243;][vc_column_text css=\u00bb\u00bb]<span style=\"font-weight: 400;\">La resiliencia es la capacidad de navegar y superar dificultades, transformando los desaf\u00edos en oportunidades para el crecimiento personal. Nos permite recuperarnos de los contratiempos con una nueva perspectiva y fortaleza. Este impulso interno nos lleva a enfrentar los desaf\u00edos con valent\u00eda, mantener el optimismo en la adversidad y mantenernos comprometidos con nuestros objetivos a largo plazo. Nos dedicamos a cultivar esta fortaleza en l\u00edderes para que enfrenten retos con determinaci\u00f3n y esperanza.<\/span><\/p>\n<p><span style=\"font-weight: 400;\">Las habilidades del marco IDG asociadas con la resiliencia incluyen:<\/span><\/p>\n<p>&nbsp;<\/p>\n<ul>\n<li style=\"font-weight: 400;\" aria-level=\"1\"><b>Valor:<\/b><span style=\"font-weight: 400;\"> Afrontar los desaf\u00edos con coraje y determinaci\u00f3n.<\/span><\/li>\n<\/ul>\n<p>&nbsp;<\/p>\n<ul>\n<li style=\"font-weight: 400;\" aria-level=\"1\"><b>Optimismo:<\/b><span style=\"font-weight: 400;\"> Mantener una actitud positiva incluso en tiempos dif\u00edciles.<\/span><\/li>\n<\/ul>\n<p>&nbsp;<\/p>\n<ul>\n<li style=\"font-weight: 400;\" aria-level=\"1\"><b>Perseverancia:<\/b><span style=\"font-weight: 400;\"> Demostrar constancia y compromiso con los objetivos a largo plazo.<\/span><\/li>\n<\/ul>\n<p>[\/vc_column_text][\/vc_column_inner][\/vc_row_inner][vc_video link=\u00bbhttps:\/\/youtu.be\/QrF11tCK7fg?si=HWu-SGmPFrchm-o9&#8243; el_width=\u00bb80&#8243; align=\u00bbcenter\u00bb css=\u00bb\u00bb][vc_row_inner equal_height=\u00bbyes\u00bb content_placement=\u00bbtop\u00bb el_class=\u00bbparrafowhatcuadrofila\u00bb][vc_column_inner width=\u00bb1\/4&#8243;][vc_column_text css=\u00bb\u00bb]<\/p>\n<h4><b>Nuestra Visi\u00f3n de Liderazgo<\/b><\/h4>\n<p>[\/vc_column_text][\/vc_column_inner][vc_column_inner width=\u00bb3\/4&#8243;][vc_column_text css=\u00bb\u00bb]<span style=\"font-weight: 400;\">El liderazgo es una pr\u00e1ctica esencial para desarrollar el potencial humano, manifest\u00e1ndose en todos los \u00e1mbitos de la vida, desde escuelas y comunidades hasta familias y organizaciones. Frecuentemente, se malinterpreta como exclusivo de posiciones de alto rango o autoridad. No obstante, cada persona ejerce liderazgo en su propio contexto, ya sea en su entorno familiar, en su comunidad o en su \u00e1mbito profesional.<\/span><\/p>\n<p><span style=\"font-weight: 400;\">Un liderazgo aut\u00e9ntico nace de una conexi\u00f3n profunda con nuestro ser interior, del pensamiento cr\u00edtico y de un genuino compromiso con el bienestar de los dem\u00e1s y del entorno. Es un liderazgo que abraza la colaboraci\u00f3n como un medio para el florecimiento humano, y que act\u00faa con el prop\u00f3sito de transformar positivamente nuestra realidad. Al integrar la resiliencia y la compasi\u00f3n en nuestra pr\u00e1ctica, no solo fomentamos nuestro propio crecimiento, sino que tambi\u00e9n sembramos las semillas de un cambio duradero y enriquecedor en nuestras comunidades e instituciones.<\/span>[\/vc_column_text][\/vc_column_inner][\/vc_row_inner][vc_video link=\u00bbhttps:\/\/www.youtube.com\/watch?v=_x_l63w79A8&amp;t=6s\u00bb el_width=\u00bb80&#8243; align=\u00bbcenter\u00bb css=\u00bb\u00bb][vc_empty_space height=\u00bb45px\u00bb][vc_column_text css=\u00bb\u00bb]<\/p>\n<h4 style=\"text-align: center;\"><b>Explora los participantes y organizaciones de nuestra Red:<\/b><\/h4>\n<p>[\/vc_column_text][vc_row_inner equal_height=\u00bbyes\u00bb content_placement=\u00bbtop\u00bb el_class=\u00bbparrafowhatcuadrofila\u00bb][vc_column_inner width=\u00bb1\/3&#8243;][vc_single_image image=\u00bb789&#8243; img_size=\u00bbmedium\u00bb onclick=\u00bbcustom_link\u00bb img_link_target=\u00bb_blank\u00bb css=\u00bb\u00bb link=\u00bbhttp:\/\/wiselama.org\/\u00bb][\/vc_column_inner][vc_column_inner width=\u00bb1\/3&#8243;][vc_single_image image=\u00bb1822&#8243; img_size=\u00bbmedium\u00bb onclick=\u00bbcustom_link\u00bb img_link_target=\u00bb_blank\u00bb css=\u00bb\u00bb link=\u00bbhttps:\/\/www.happyclinicideas.com\/\u00bb][\/vc_column_inner][vc_column_inner width=\u00bb1\/3&#8243;][vc_single_image image=\u00bb2292&#8243; img_size=\u00bbmedium\u00bb onclick=\u00bbcustom_link\u00bb img_link_target=\u00bb_blank\u00bb css=\u00bb\u00bb link=\u00bbhttps:\/\/idgcolombia.org\/\u00bb][\/vc_column_inner][\/vc_row_inner][vc_row_inner equal_height=\u00bbyes\u00bb content_placement=\u00bbtop\u00bb el_class=\u00bbparrafowhatcuadrofila\u00bb][vc_column_inner width=\u00bb1\/3&#8243;][vc_single_image image=\u00bb811&#8243; onclick=\u00bbcustom_link\u00bb img_link_target=\u00bb_blank\u00bb css=\u00bb\u00bb link=\u00bbhttps:\/\/fundacionelpilar.org\/\u00bb][\/vc_column_inner][vc_column_inner width=\u00bb1\/3&#8243;][\/vc_column_inner][vc_column_inner width=\u00bb1\/3&#8243;][vc_single_image image=\u00bb2294&#8243; img_size=\u00bbmedium\u00bb onclick=\u00bbcustom_link\u00bb img_link_target=\u00bb_blank\u00bb css=\u00bb\u00bb link=\u00bbhttps:\/\/seelearning.emory.edu\/es\/home\u00bb][\/vc_column_inner][\/vc_row_inner][\/vc_column][\/vc_row][vc_row][vc_column][vc_empty_space height=\u00bb175px\u00bb][\/vc_column][\/vc_row][vc_row][vc_column][\/vc_column][\/vc_row]<\/p>\n<\/div>","protected":false},"excerpt":{"rendered":"<p>[vc_row][vc_column][\/vc_column][\/vc_row][vc_row el_class=\u00bbelmarcowhatcinco\u00bb][vc_column][vc_single_image image=\u00bb792&#8243; img_size=\u00bbmedium\u00bb alignment=\u00bbcenter\u00bb css=\u00bb\u00bb][vc_empty_space height=\u00bb30px\u00bb][vc_column_text css=\u00bb\u00bb el_class=\u00bbnaranja\u00bb] IDG Red de Liderazgo Compasivo y Resiliente [\/vc_column_text][vc_column_text css=\u00bb\u00bb el_class=\u00bbparrafowhatcuadro\u00bb] En la IDG Red de Liderazgo Compasivo y Resiliente, Nuestro enfoque es transformar el liderazgo en una fuerza aut\u00e9ntica para el bien com\u00fan. Creemos en la capacidad innata de cada persona para guiar con empat\u00eda y&hellip;<\/p>\n","protected":false},"author":1,"featured_media":0,"parent":0,"menu_order":0,"comment_status":"closed","ping_status":"closed","template":"","meta":{"_acf_changed":false,"inline_featured_image":false,"footnotes":""},"class_list":["post-1714","page","type-page","status-publish","hentry","description-off"],"acf":[],"_links":{"self":[{"href":"https:\/\/wiselama.org\/es\/wp-json\/wp\/v2\/pages\/1714","targetHints":{"allow":["GET"]}}],"collection":[{"href":"https:\/\/wiselama.org\/es\/wp-json\/wp\/v2\/pages"}],"about":[{"href":"https:\/\/wiselama.org\/es\/wp-json\/wp\/v2\/types\/page"}],"author":[{"embeddable":true,"href":"https:\/\/wiselama.org\/es\/wp-json\/wp\/v2\/users\/1"}],"replies":[{"embeddable":true,"href":"https:\/\/wiselama.org\/es\/wp-json\/wp\/v2\/comments?post=1714"}],"version-history":[{"count":19,"href":"https:\/\/wiselama.org\/es\/wp-json\/wp\/v2\/pages\/1714\/revisions"}],"predecessor-version":[{"id":2385,"href":"https:\/\/wiselama.org\/es\/wp-json\/wp\/v2\/pages\/1714\/revisions\/2385"}],"wp:attachment":[{"href":"https:\/\/wiselama.org\/es\/wp-json\/wp\/v2\/media?parent=1714"}],"curies":[{"name":"wp","href":"https:\/\/api.w.org\/{rel}","templated":true}]}}