{"id":1717,"date":"2023-12-05T18:15:39","date_gmt":"2023-12-05T18:15:39","guid":{"rendered":"http:\/\/wiselama.org.w0125739.kasserver.com\/macro-hub\/"},"modified":"2024-08-11T11:57:56","modified_gmt":"2024-08-11T11:57:56","slug":"idg-compasiva-y-regenerativa-eco-network","status":"publish","type":"page","link":"https:\/\/wiselama.org\/es\/idg-compasiva-y-regenerativa-eco-network\/","title":{"rendered":"IDG Eco Network"},"content":{"rendered":"<div class=\"wpb-content-wrapper\"><p>[vc_row][vc_column][vc_single_image image=\u00bb1167&#8243; img_size=\u00bbmedium\u00bb alignment=\u00bbcenter\u00bb css=\u00bb\u00bb][vc_column_text css=\u00bb\u00bb el_class=\u00bbnaranja\u00bb]<\/p>\n<h2 style=\"text-align: center;\"><b>IDG Compasiva y Regenerativa<br \/>\nEco Network<\/b><\/h2>\n<p>[\/vc_column_text][vc_column_text css=\u00bb\u00bb el_class=\u00bbparrafowhat\u00bb]<\/p>\n<h4 style=\"text-align: center;\"><span style=\"font-weight: 400;\"><strong>IDG Compasiva y Regenerativa Eco Network<\/strong> <\/span><span style=\"font-weight: 400;\">tiene como misi\u00f3n inspirar a individuos, comunidades y organizaciones a adoptar los IDGs y trabajar hacia el logro de los ODS. En el complejo mundo actual, el liderazgo compasivo es vital para fomentar la unidad y abordar los desaf\u00edos globales. Los l\u00edderes que encarnan la compasi\u00f3n conectan profundamente con sus equipos, motivando la acci\u00f3n colectiva.<\/span><\/h4>\n<p>[\/vc_column_text][vc_empty_space height=\u00bb30px\u00bb][\/vc_column][vc_column][\/vc_column][vc_column][\/vc_column][\/vc_row][vc_row el_class=\u00bbelmarcowhatcinco\u00bb][vc_column][vc_video link=\u00bbhttps:\/\/www.youtube.com\/watch?v=vshWc-aVoHY&amp;list=PLtOj6UBOgR51lr76iMt_zkHUjP1Riyu9D\u00bb el_width=\u00bb80&#8243; align=\u00bbcenter\u00bb css=\u00bb\u00bb][vc_column_text css=\u00bb\u00bb el_class=\u00bbparrafowhatcuadro\u00bb]<span style=\"font-weight: 400;\">El liderazgo regenerativo se centra en el progreso sostenible m\u00e1s all\u00e1 del statu quo. Implica pensamiento innovador, abordaje de desaf\u00edos inmediatos y promoci\u00f3n del bienestar a largo plazo, considerando la interconexi\u00f3n de las acciones en el medio ambiente, la sociedad y el bienestar individual.<\/span><\/p>\n<p>&nbsp;<\/p>\n<p><span style=\"font-weight: 400;\">Este Eco Red incluye coordinadores locales de Am\u00e9rica Latina y Espa\u00f1a, quienes apoyan activamente, co-crean y expanden los IDGs mientras encarnan los principios de liderazgo compasivo y regenerativo. Esta Red se dedica a nutrir l\u00edderes alineados con los IDGs, contribuyendo a un futuro donde el liderazgo compasivo y regenerativo prospera, creando un futuro mejor para todos.<\/span>[\/vc_column_text][vc_empty_space height=\u00bb30px\u00bb][vc_column_text css=\u00bb\u00bb el_class=\u00bbparrafowhatcuadro\u00bb]<span style=\"font-weight: 400;\">\u00a1Suscr\u00edbete ahora para una exploraci\u00f3n pr\u00e1ctica de los IDGs!: <\/span><a href=\"https:\/\/www.youtube.com\/playlist?list=PLtOj6UBOgR51lr76iMt_zkHUjP1Riyu9D\" target=\"_blank\" rel=\"noopener\">YouTube<\/a>[\/vc_column_text][vc_column_text css=\u00bb\u00bb el_class=\u00bbparrafowhatcuadro\u00bb]<span style=\"font-weight: 400;\">Descubre m\u00e1s sobre los <a href=\"https:\/\/www.innerdevelopmentgoals.org\/\" target=\"_blank\" rel=\"noopener\">IDGs<\/a><\/span>[\/vc_column_text][vc_column_text css=\u00bb\u00bb el_class=\u00bbparrafowhatcuadro\u00bb]<span style=\"font-weight: 400;\">S\u00edguenos en<a href=\"https:\/\/www.linkedin.com\/company\/idg-hub-compasivo-regenerativo\/\" target=\"_blank\" rel=\"noopener\"> LinkedIn<\/a><br \/>\n<\/span>[\/vc_column_text][vc_empty_space height=\u00bb30px\u00bb][vc_column_text css=\u00bb\u00bb el_class=\u00bbparrafowhatcuadro\u00bb]<span style=\"font-weight: 400;\">Con\u00e9ctate con nuestra comunidad Eco Network y explora a los individuos inspiradores y organizaciones que est\u00e1n dando forma al liderazgo compasivo y regenerativo:<\/span>[\/vc_column_text][vc_empty_space height=\u00bb30px\u00bb][vc_column_text css=\u00bb\u00bb el_class=\u00bbparrafowhatcuadro\u00bb]<span style=\"font-weight: 400;\">Argentina, Mendoza, IDG Mendoza Community Hub, Christina Hunn, <a href=\"idg.mzacommunity-hub@gmail.com\">Email<\/a><\/span><\/p>\n<p>&nbsp;<\/p>\n<p><span style=\"font-weight: 400;\">Am\u00e9rica Latina, Bogot\u00e1, Lima, Buenos Aires, Santiago, Montevideo, y m\u00e1s, LATAM, Vivianna Rodr\u00edguez Carre\u00f3n, Carlos Largacha, Andrea Fern\u00e1ndez, <a href=\"idgs.hublatam@gmail.com\">Email<\/a><\/span><\/p>\n<p>&nbsp;<\/p>\n<p><span style=\"font-weight: 400;\">Global, IDG Compassionate and Resilient Leadership Network, Magda Torres, <a href=\"hello@wiselama.org\">Email<\/a><\/span><\/p>\n<p>&nbsp;<\/p>\n<p><span style=\"font-weight: 400;\">M\u00e9xico, Monterrey, IDG Tutores de Resiliencia, Florencia de Los Santos, <a href=\"info@tutoresderesiliencia.org\">Email<\/a><br \/>\n<\/span><\/p>\n<p>&nbsp;<\/p>\n<p><span style=\"font-weight: 400;\">M\u00e9xico, M\u00e9xico City, IDG M\u00e9xico Transformation Academy, Gabriela Gonz\u00e1lez, <a href=\"hellogabriela1@gmail.com\">Email<\/a><\/span><\/p>\n<p>&nbsp;<\/p>\n<p><span style=\"font-weight: 400;\">Espa\u00f1a, M\u00e9xico, Madrid, Barcelona y CDMX, IDG Hub Regenerativo, Paco Brise\u00f1o, <a href=\"paco@action4.earth\">Email<\/a><\/span><span style=\"font-weight: 400;\">\u00a0<\/span><\/p>\n<p>&nbsp;<\/p>\n<p><span style=\"font-weight: 400;\">Espa\u00f1a, Toledo, IDG Castilla Natura Hub, Milagros Gonz\u00e1lez-Rivera, <a href=\"mila.g.rivera@gmail.com\">Email<\/a><br \/>\n<\/span><\/p>\n<p>&nbsp;<\/p>\n<p><span style=\"font-weight: 400;\">Espa\u00f1a, Zaragoza, Hub de Liderazgo Consciente, Estrella Bernal, <a href=\"bercue@unizar.es\">Email<\/a><\/span><\/p>\n<p>&nbsp;<\/p>\n<p><span style=\"font-weight: 400;\">Espa\u00f1a, M\u00e1laga, Marvella, Madrid, IDG Metamorphany Changemakers Hub EU, Michael Smits, <a href=\"michael@metamorphany.org\">Email<\/a><\/span>[\/vc_column_text][vc_empty_space height=\u00bb30px\u00bb][\/vc_column][\/vc_row][vc_row][vc_column][vc_empty_space height=\u00bb175px\u00bb][\/vc_column][\/vc_row]<\/p>\n<\/div>","protected":false},"excerpt":{"rendered":"<p>[vc_row][vc_column][vc_single_image image=\u00bb1167&#8243; img_size=\u00bbmedium\u00bb alignment=\u00bbcenter\u00bb css=\u00bb\u00bb][vc_column_text css=\u00bb\u00bb el_class=\u00bbnaranja\u00bb] IDG Compasiva y Regenerativa Eco Network [\/vc_column_text][vc_column_text css=\u00bb\u00bb el_class=\u00bbparrafowhat\u00bb] IDG Compasiva y Regenerativa Eco Network tiene como misi\u00f3n inspirar a individuos, comunidades y organizaciones a adoptar los IDGs y trabajar hacia el logro de los ODS. En el complejo mundo actual, el liderazgo compasivo es vital para fomentar&hellip;<\/p>\n","protected":false},"author":2,"featured_media":0,"parent":0,"menu_order":0,"comment_status":"closed","ping_status":"closed","template":"","meta":{"_acf_changed":false,"inline_featured_image":false,"footnotes":""},"class_list":["post-1717","page","type-page","status-publish","hentry","description-off"],"acf":[],"_links":{"self":[{"href":"https:\/\/wiselama.org\/es\/wp-json\/wp\/v2\/pages\/1717","targetHints":{"allow":["GET"]}}],"collection":[{"href":"https:\/\/wiselama.org\/es\/wp-json\/wp\/v2\/pages"}],"about":[{"href":"https:\/\/wiselama.org\/es\/wp-json\/wp\/v2\/types\/page"}],"author":[{"embeddable":true,"href":"https:\/\/wiselama.org\/es\/wp-json\/wp\/v2\/users\/2"}],"replies":[{"embeddable":true,"href":"https:\/\/wiselama.org\/es\/wp-json\/wp\/v2\/comments?post=1717"}],"version-history":[{"count":15,"href":"https:\/\/wiselama.org\/es\/wp-json\/wp\/v2\/pages\/1717\/revisions"}],"predecessor-version":[{"id":2311,"href":"https:\/\/wiselama.org\/es\/wp-json\/wp\/v2\/pages\/1717\/revisions\/2311"}],"wp:attachment":[{"href":"https:\/\/wiselama.org\/es\/wp-json\/wp\/v2\/media?parent=1717"}],"curies":[{"name":"wp","href":"https:\/\/api.w.org\/{rel}","templated":true}]}}